{"id":1467,"date":"2020-06-11T15:52:49","date_gmt":"2020-06-11T14:52:49","guid":{"rendered":"https:\/\/zivingonline.com\/?page_id=1467"},"modified":"2021-07-06T10:02:12","modified_gmt":"2021-07-06T09:02:12","slug":"aviso-legal","status":"publish","type":"page","link":"https:\/\/ziving.com\/ca\/aviso-legal\/","title":{"rendered":"Av\u00eds Legal"},"content":{"rendered":"<div id=\"fws_69e7f8eeaf4a4\"  data-column-margin=\"default\" data-midnight=\"dark\" data-top-percent=\"5%\" data-bottom-percent=\"5%\"  class=\"wpb_row vc_row-fluid vc_row full-width-section has-row-bg-color\"  style=\"padding-top: calc(100vw * 0.05); padding-bottom: calc(100vw * 0.05); --row-bg-color: #ffffff;\"><div class=\"row-bg-wrap\" data-bg-animation=\"none\" data-bg-animation-delay=\"\" data-bg-overlay=\"false\"><div class=\"inner-wrap row-bg-layer\" ><div class=\"row-bg viewport-desktop using-bg-color\"  style=\"background-color: #ffffff; \"><\/div><\/div><\/div><div class=\"row_col_wrap_12 col span_12 dark left\">\n\t<div  class=\"vc_col-sm-12 wpb_column column_container vc_column_container col no-extra-padding inherit_tablet inherit_phone\"  data-padding-pos=\"all\" data-has-bg-color=\"false\" data-bg-color=\"\" data-bg-opacity=\"1\" data-animation=\"\" data-delay=\"0\" >\n\t\t<div class=\"vc_column-inner\" >\n\t\t\t<div class=\"wpb_wrapper\">\n\t\t\t\t\n<div class=\"wpb_text_column wpb_content_element\" >\n\t<h2 style=\"text-align: center;\">Aviso legal<\/h2>\n<p>La marca ZIVING, se trata de una asociaci\u00f3n de especialistas en ortodoncia creada con la finalidad de prestar los mejores servicios a sus clientes. ZIVING se trata de la marca o nombre comercial de la mercantil SONRIE, S.L., y tiene distintos afiliados a nivel nacional, que prestan los servicios de ortodoncia a trav\u00e9s de una cesi\u00f3n de derechos. Mediante la presente p\u00e1gina web, usted puede acceder al apartado de cada uno de nuestros afiliados dirigi\u00e9ndose a: \u201copciones\u201d \u2013 \u201ccentros\u201d \u2013 seleccionar centro.<\/p>\n<p>SONRIE, S.L, es el responsable de este sitio web, y pone a disposici\u00f3n de los usuarios de Internet el presente documento, cuya finalidad es cumplir las obligaciones establecidas en la Ley 34\/2002, de 11 de junio, de Servicios de la Sociedad de la Informaci\u00f3n y Comercio Electr\u00f3nico (LSSICE) y dem\u00e1s normativa aplicable, as\u00ed como proporcionar informaci\u00f3n sobre las condiciones de uso.<\/p>\n<p>Los datos concretos de cada uno de nuestros afiliados, se podr\u00e1n encontrar en los distintos enlaces creados individualmente para cada centro Ziving, en el apartado de Pol\u00edtica de Privacidad de esta p\u00e1gina web. (ver <u>Pol\u00edtica de Privacidad<\/u>)<\/p>\n<ol>\n<li><strong>DATOS IDENTIFICATIVOS DEL TITULAR DE LA WEB. <\/strong><\/li>\n<\/ol>\n<p>En cumplimiento del deber de informaci\u00f3n regulado en el art. 10 LSSICE, a continuaci\u00f3n, se facilitan los datos necesarios del titular que gestiona los servicios y el dominio de la presente p\u00e1gina web:<\/p>\n<ul>\n<li>SONRIE, S.L.<\/li>\n<li>CIF:\u00a0 B25386475<\/li>\n<li>Domicilio social: C\/Torres de Sanuy n\u00fam 36 de Lleida.<\/li>\n<li>Tel\u00e9fono: 973 72 50 93<\/li>\n<li>Direcci\u00f3n de correo electr\u00f3nico de contacto: lopd@ziving.com<\/li>\n<li>Inscrita en el Registro Mercantil de Lleida bajo el tomo 464, libro 36. Hija L-8618.<\/li>\n<\/ul>\n<p>Para cualquier consulta se puede poner en contacto con nosotros a trav\u00e9s del tel\u00e9fono o correo electr\u00f3nico facilitado al respecto.<\/p>\n<ol start=\"2\">\n<li><strong>USUARIOS <\/strong><\/li>\n<\/ol>\n<p>Toda persona, ya sea f\u00edsica o jur\u00eddica, que acceda, navegue, utilice o participe en los servicios y actividades, gratuitas u onerosas, desarrolladas mediante esta p\u00e1gina web asume la condici\u00f3n de usuario, y como tal, a trav\u00e9s de dicho acceso, se compromete a la observancia y riguroso cumplimiento de las disposiciones aqu\u00ed presentes, as\u00ed como a cualquier otra disposici\u00f3n legal que resulte de aplicaci\u00f3n, oblig\u00e1ndose as\u00ed a hacer un uso correcto del sitio web. Si el usuario no estuviere de acuerdo con las presentes condiciones de uso, deber\u00e1 abstenerse de utilizar este portal y operar por medio del mismo.<\/p>\n<p>El usuario responder\u00e1 frente a SONRIE, S.L., o frente a terceros, de cualesquiera da\u00f1os y perjuicios que pudieran causarse como consecuencia del incumplimiento de dicha obligaci\u00f3n.<\/p>\n<ol start=\"3\">\n<li><strong>MODIFICACIONES<\/strong><\/li>\n<\/ol>\n<p>SONRIE, S.L., se reserva el derecho de realizar unilateralmente las modificaciones que estime pertinentes en su portal, pudiendo cambiar, suprimir o a\u00f1adir tanto los contenidos como los servicios que se presten a trav\u00e9s del mismo, sin que exista obligaci\u00f3n de preavisar o poner en conocimiento de los usuarios dichas modificaciones, entendi\u00e9ndose como suficiente con la publicaci\u00f3n en el sitio web del prestador.<\/p>\n<p>La duraci\u00f3n de la prestaci\u00f3n del servicio del portal se limita al momento en que el usuario est\u00e9 conectado al sitio web o a alguno de los servicios que \u00e9ste proporciona. Por ello, el usuario, en cada ocasi\u00f3n que pretenda utilizar el portal, debe leer detenidamente este Aviso Legal, ya que el mismo y sus respectivas condiciones de uso pueden verse alteradas en cualquier momento. Por tanto, la vigencia de las citadas condiciones variar\u00e1 en funci\u00f3n de su exposici\u00f3n y se mantendr\u00e1 mientras est\u00e9n debidamente publicadas, hasta que se vean sustituidas por otras.<\/p>\n<ol start=\"4\">\n<li><strong>CONDICIONES DE USO DEL SITIO WEB<\/strong><\/li>\n<\/ol>\n<p>Las presentes condiciones de uso y navegaci\u00f3n tienen como finalidad regular la relaci\u00f3n entre el titular de la p\u00e1gina web, SONRIE, S.L., como prestador del servicio, y los usuarios que acceden, navegan y disfrutan del servicio ofrecido.<\/p>\n<p><a href=\"https:\/\/ziving.com\/ca\/\">www.ziving.com<\/a> proporciona el acceso libre y gratuito a gran cantidad de informaci\u00f3n, servicios y datos (en adelante, \u201clos contenidos\u201d), cuya propiedad pertenece a SONRIE, S.L., o a sus licenciantes a los que el usuario puede tener acceso.<\/p>\n<p>El usuario debe acceder a nuestra p\u00e1gina web conforme a la buena fe, las normas de orden p\u00fablico y a las presentes Condiciones Generales de uso. El acceso a nuestro sitio Web se realiza bajo la propia y exclusiva responsabilidad del usuario, que responder\u00e1 en todo caso de los da\u00f1os y perjuicios que pueda causar a terceros o a nosotros mismos.<\/p>\n<p>El usuario se compromete expresamente a hacer un adecuado uso de los contenidos y servicios que nuestra p\u00e1gina web ofrece, conforme a lo establecido en la ley, la moral, el orden p\u00fablico y las presentes condiciones y, con car\u00e1cter enunciativo, pero no limitativo, a no emplearlos para:<\/p>\n<ul>\n<li>Difundir contenidos delictivos, violentos, pornogr\u00e1ficos, racistas, xen\u00f3fobos, ofensivos, de apolog\u00eda al terrorismo, que atenten contra los derechos humanos o, en general, contrarios a la ley o al orden p\u00fablico.<\/li>\n<li>Introducir intencionadamente en la red virus inform\u00e1ticos o realizar actuaciones susceptibles de alterar, estropear, interrumpir o generar errores o da\u00f1os en los sistemas f\u00edsicos y l\u00f3gicos de SONRIE, S.L., creadora del sitio web, o de terceras personas; as\u00ed como obstaculizar el acceso de otros usuarios al sitio web y a sus servicios mediante el consumo masivo de los recursos inform\u00e1ticos a trav\u00e9s de los cuales SONRIE, S.L., presta sus servicios.<\/li>\n<li>Intentar acceder a las cuentas de correo electr\u00f3nico de otros usuarios o a \u00e1reas restringidas de los sistemas inform\u00e1ticos de SONRIE, S.L., o de terceros y, en su caso, extraer informaci\u00f3n.<\/li>\n<li>Vulnerar los derechos de propiedad intelectual o industrial, as\u00ed como difundir, transmitir o poner a disposici\u00f3n de terceros cualquier tipo de informaci\u00f3n, elemento o contenido que suponga una violaci\u00f3n del secreto de las comunicaciones y la legislaci\u00f3n sobre protecci\u00f3n de datos de car\u00e1cter personal.<\/li>\n<li>Suplantar la identidad de otro usuario, de las administraciones p\u00fablicas o de un tercero, utilizando sus claves de registro a los distintos servicios y\/o contenidos del sitio web.<\/li>\n<li>Reproducir, copiar, distribuir, poner a disposici\u00f3n o de cualquier otra forma comunicar p\u00fablicamente, transformar o modificar los contenidos, a menos que se cuente con la autorizaci\u00f3n del titular de los correspondientes derechos de explotaci\u00f3n o ello resulte legalmente permitido.<\/li>\n<li>Recabar datos con finalidad publicitaria y remitir publicidad de cualquier clase y comunicaciones con fines de venta u otra de naturaleza comercial sin que medie previa solicitud o consentimiento.<\/li>\n<\/ul>\n<p>&nbsp;<\/p>\n<p>El usuario tiene prohibido cualquier tipo de acci\u00f3n sobre nuestro portal que origine una excesiva sobrecarga de funcionamiento a nuestros sistemas inform\u00e1ticos, as\u00ed como la introducci\u00f3n de virus, o instalaci\u00f3n de robots, o software que altere el normal funcionamiento de nuestra web, o en definitiva pueda causar da\u00f1os a nuestros sistemas inform\u00e1ticos.<\/p>\n<p>Cualquier incumplimiento de las cl\u00e1usulas contenidas en el presente sitio web (Aviso Legal, Pol\u00edtica de Privacidad, Pol\u00edtica de Cookies, as\u00ed como otros contenidos que supongan obligaciones para el usuario) y en general de la legalidad vigente en Espa\u00f1a, se comunicar\u00e1 inmediatamente por parte de SONRIE, S.L., a las autoridades pertinentes, comprometi\u00e9ndose \u00e9sta a cooperar con las mismas. En tal caso, el usuario responder\u00e1 frente a SONRIE, S.L., o frente a terceros, de cualesquiera da\u00f1os y perjuicios que pudieran causarse como consecuencia del incumplimiento de estas obligaciones.<\/p>\n<p>SONRIE, S.L., no garantiza que su p\u00e1gina web cumpla, total o parcialmente, con las legislaciones de otros pa\u00edses. Por tanto, si el usuario reside o se encuentra domiciliado en cualquier otro lugar que no sea Espa\u00f1a, y decide acceder y\/o navegar en el presente sitio web, lo har\u00e1 bajo su propia responsabilidad y riesgo, debiendo asegurarse de que tal acceso y\/o navegaci\u00f3n cumple con la legislaci\u00f3n local aplicable en su caso.<\/p>\n<p>SONRIE, S.L., no se hace responsable de ning\u00fan da\u00f1o o p\u00e9rdida que se derive de un ataque de denegaci\u00f3n de servicio, virus o cualquier otro programa o material tecnol\u00f3gicamente perjudicial que pueda afectar a su ordenador, equipo inform\u00e1tico, datos o materiales como consecuencia del uso de esta p\u00e1gina web o de la descarga de contenidos de la misma o a los que la misma redireccione.<\/p>\n<p>SONRIE, S.L., se reserva el derecho unilateral y sin preaviso de dar de baja a cualquier usuario que la organizaci\u00f3n entienda que ha vulnerado las condiciones que rigen el uso de nuestra p\u00e1gina web, sin que el usuario tenga derecho a reclamaci\u00f3n de ning\u00fan tipo por este tipo de acciones. Asimismo, se reserva el derecho de ejercitar las acciones legales oportunas contra aquellos que vulneren las presentes condiciones generales de uso, aceptando el usuario que la no iniciaci\u00f3n de estas acciones no constituye una renuncia formal a los mismas, permaneciendo \u00e9stas vigentes hasta los plazos legales de prescripci\u00f3n de las infracciones.<\/p>\n<p>En cualquier momento podemos proceder a su modificaci\u00f3n: por favor, compruebe la fecha de emisi\u00f3n en cada ocasi\u00f3n en que se conecte a nuestra p\u00e1gina web y as\u00ed tendr\u00e1 la certeza de que no se ha producido modificaci\u00f3n alguna que le afecte.<\/p>\n<p>&nbsp;<\/p>\n<ol start=\"5\">\n<li><strong>NOTIFICACIONES <\/strong><\/li>\n<\/ol>\n<p>Todas las notificaciones y comunicaciones entre los usuarios y SONRIE, S.L., se considerar\u00e1n eficaces, a todos los efectos, cuando se realicen a trav\u00e9s de correo postal, correo electr\u00f3nico o comunicaci\u00f3n telef\u00f3nica. Los usuarios deber\u00e1n dirigirse a SONRIE, S.L., mediante:<\/p>\n<ol>\n<li>a) Env\u00edo por correo postal a la siguiente direcci\u00f3n: C\/Torres de Sanui n\u00fam 36 de Lleida.<\/li>\n<li>b) Comunicaci\u00f3n por medio de llamada telef\u00f3nica al n\u00famero de tel\u00e9fono: 973 72 50 93<\/li>\n<li>c) Env\u00edo por correo electr\u00f3nico a la siguiente direcci\u00f3n: lopd@ziving.com<\/li>\n<\/ol>\n<p>Mediante el uso de esta p\u00e1gina web, el usuario acepta impl\u00edcitamente que la mayor parte de las comunicaciones se realizar\u00e1n por v\u00eda electr\u00f3nica. A efectos contractuales, el usuario consiente usar este medio electr\u00f3nico de comunicaci\u00f3n y reconoce que toda comunicaci\u00f3n que se le env\u00ede de forma electr\u00f3nica cumple con los requisitos legales.<\/p>\n<ol start=\"6\">\n<li><strong>PROTECCI\u00d3N DE DATOS DE CAR\u00c1CTER PERSONAL<\/strong><\/li>\n<\/ol>\n<p>El titular de la p\u00e1gina web se compromete a tratar los datos personales del usuario de conformidad con lo establecido en la legislaci\u00f3n vigente en la materia. Concretamente, se compromete a aplicar lo dispuesto en la <a href=\"http:\/\/app.vlex.com\/#vid\/748336069\">LO 3\/2018, de 5 de diciembre<\/a>, de Protecci\u00f3n de Datos de Car\u00e1cter Personal y garant\u00eda de los derechos digitales, y en el <a href=\"http:\/\/app.vlex.com\/#vid\/637528825\">Reglamento (UE) 2016\/679<\/a> del Parlamento Europeo y del Consejo de 27 de abril de 2016.<\/p>\n<p>Para m\u00e1s informaci\u00f3n sobre el tratamiento de sus datos personales en el portal, dir\u00edjase a la <u>Pol\u00edtica de Privacidad.<\/u><\/p>\n<ol start=\"7\">\n<li><strong>PROPIEDAD INTELECTUAL E INDUSTRIAL<\/strong><\/li>\n<\/ol>\n<p>Todos los contenidos del sitio web, entre otros, textos, fotograf\u00edas, gr\u00e1ficos, im\u00e1genes, iconos, tecnolog\u00eda, software, links y dem\u00e1s contenidos audiovisuales, as\u00ed como su dise\u00f1o gr\u00e1fico y c\u00f3digos fuente, constituyen una obra cuya propiedad pertenece a SONRIE, S.L., sin que puedan entenderse cedidos al usuario ninguno de los derechos de explotaci\u00f3n sobre los mismos m\u00e1s all\u00e1 de lo estrictamente necesario para el correcto uso de la web, y con independencia de que sean susceptibles o no de propiedad intelectual.<\/p>\n<p>Asimismo, todas las marcas, nombres comerciales o signos distintivos de cualquier clase que aparecen en el sitio web son propiedad de SONRIE, S.L., sin que pueda entenderse que el uso o acceso al mismo atribuya al usuario derecho alguno sobre los mismos.<\/p>\n<p>Queda prohibida la reproducci\u00f3n total o parcial, explotaci\u00f3n, distribuci\u00f3n, modificaci\u00f3n, cesi\u00f3n o comunicaci\u00f3n p\u00fablica de los contenidos y cualquier otro acto que no haya sido expresamente autorizado por el titular de los derechos de explotaci\u00f3n. Cualquier uso no autorizado previamente se considera un incumplimiento grave de los derechos de propiedad intelectual o industrial del autor.<\/p>\n<p>Para realizar cualquier tipo de observaci\u00f3n respecto a posibles incumplimientos de los derechos de propiedad intelectual o industrial, as\u00ed como sobre cualquiera de los contenidos del sitio web, el usuario deber\u00e1 notificar dicha circunstancia a SONRIE, S.L. adjuntando la informaci\u00f3n pertinente.<\/p>\n<p>En cualquier caso, SONRIE, S.L.\u00a0 no asume responsabilidad alguna respecto de los derechos de propiedad intelectual o industrial titularidad de terceros que se vean infringidos por un tercero o por el usuario.<\/p>\n<p>&nbsp;<\/p>\n<ol start=\"8\">\n<li><strong>ENLACES<\/strong><\/li>\n<\/ol>\n<p>El sitio web de SONRIE, S.L. puede contener enlaces o hiperv\u00ednculos a otros sitios de Internet, respecto a los cuales no ejerce ning\u00fan tipo de control. Por tanto, una vez que el usuario acceda a los enlaces de terceros y abandone el sitio web, tanto el presente Aviso Legal, como la Pol\u00edtica de Privacidad y la Pol\u00edtica de Cookies dejar\u00e1n de surtir efecto, ya que los sitios web a los que el usuario acceda est\u00e1n sujetos a sus propias pol\u00edticas.<\/p>\n<p>SONRIE, S.L.\u00a0 no puede asumir responsabilidad alguna por el contenido que pueda aparecer en p\u00e1ginas de terceros, ni garantiza la disponibilidad t\u00e9cnica, calidad, fiabilidad, exactitud, amplitud, veracidad, validez y constitucionalidad de cualquier material o informaci\u00f3n contenida en ninguno de dichos enlaces o hiperv\u00ednculos. Asimismo, la inclusi\u00f3n de estas conexiones externas a sitios web ajenos no implica ning\u00fan tipo de asociaci\u00f3n, fusi\u00f3n o participaci\u00f3n con las entidades conectadas.<\/p>\n<ol start=\"9\">\n<li><strong>USO DE COOKIES<\/strong><\/li>\n<\/ol>\n<p>Este sitio web puede utilizar cookies t\u00e9cnicas (se tratan de peque\u00f1os archivos de informaci\u00f3n que el servidor env\u00eda al ordenador de quien accede a la p\u00e1gina) para llevar a cabo determinadas funciones que son consideradas imprescindibles para el correcto funcionamiento y visualizaci\u00f3n del sitio web. Las cookies utilizadas, tienen en todo cas, car\u00e1cter temporal, con la \u00fanica finalidad de hacer m\u00e1s eficaz la navegaci\u00f3n y desaparecen en terminar la sesi\u00f3n del usuario. En ning\u00fan caso las cookies proporcionan datos de car\u00e1cter personal y no se utilizar\u00e1n para la recogida de las mismas.<\/p>\n<p>Mediante el uso de cookies tambi\u00e9n es posible que el servidor donde se encuentra la web, reconozca el navegador utilizado por el usuario con la finalidad que la navegaci\u00f3n sea m\u00e1s sencilla y \u00e1gil.<\/p>\n<p>Para una informaci\u00f3n m\u00e1s detallada sobre las cookies que se usan en este sitio web; ver Pol\u00edtica de cookies.<\/p>\n<ol start=\"10\">\n<li><strong>DIRECCIONES IP<\/strong><\/li>\n<\/ol>\n<p>Los servidores del sitio web podr\u00e1n detectar de manera autom\u00e1tica la direcci\u00f3n IP y el nombre de dominio utilizado por el usuario. Una direcci\u00f3n IP es un nombre asignado autom\u00e1ticamente a un ordenador cuando este se conecta a internet. Dicha informaci\u00f3n se registra en un fichero de actividad del servidor, que permite el posterior procesamiento de los datos con la finalidad de obtener medidas estad\u00edsticas que permitan conocer le nombre de impresiones de p\u00e1ginas, el nombre de visitas realizadas a los servidores web, el punto de acceso, el orden de visitas, etc.<\/p>\n<ol start=\"11\">\n<li><strong>EXCLUSI\u00d3N DE GARANT\u00cdAS Y RESPONSABILIDAD <\/strong><\/li>\n<\/ol>\n<p>SONRIE, S.L. al poner a disposici\u00f3n del usuario la presente p\u00e1gina web, pretende ofrecerles un servicio de calidad y transparente, utilizando la m\u00e1xima diligencia en la prestaci\u00f3n del mismo, as\u00ed como en los medios tecnol\u00f3gicos utilizados.<\/p>\n<p>La informaci\u00f3n suministrada por del presente sitio web es de car\u00e1cter general y tiene una finalidad meramente informativa, sin que se garantice plenamente el acceso a todos los contenidos, ni su exactitud, exhaustividad, correcci\u00f3n, vigencia o actualidad, ni su idoneidad o utilidad para un objetivo espec\u00edfico.<\/p>\n<p>A SONRIE, S.L.\u00a0 no se hace responsable, en ning\u00fan caso, de los da\u00f1os y perjuicios de cualquier naturaleza derivados de, a t\u00edtulo enunciativo:<\/p>\n<ul>\n<li>Errores u omisiones en los contenidos. SONRIE, S.L. no garantiza que los contenidos vayan a estar actualizados permanentemente, ni que carezcan de cualquier tipo de error.<\/li>\n<\/ul>\n<p>&nbsp;<\/p>\n<ul>\n<li>Ausencia de disponibilidad del portal. SONRIE, S.L. no se hace responsable de los posibles da\u00f1os o perjuicios generados en el usuario como consecuencia de fallos o desconexiones en las redes de telecomunicaciones que supongan la suspensi\u00f3n, cancelaci\u00f3n o interrupci\u00f3n del servicio del sitio web, ya que el funcionamiento de estas redes depende de terceros.<\/li>\n<\/ul>\n<p>&nbsp;<\/p>\n<ul>\n<li>Presencia de virus o programas maliciosos o lesivos en los contenidos que puedan alterar los sistemas inform\u00e1ticos, documentos electr\u00f3nicos o datos de los usuarios, a pesar de haber adoptado todas las medidas tecnol\u00f3gicas necesarias para prevenirlo. Corresponde al usuario, en todo caso, estar provisto de herramientas adecuadas que le protejan ante programas inform\u00e1ticos da\u00f1inos.<\/li>\n<\/ul>\n<p>&nbsp;<\/p>\n<p>El usuario es plenamente consciente de que la mera navegaci\u00f3n por la presente p\u00e1gina web, as\u00ed como la utilizaci\u00f3n de sus servicios, implica la aceptaci\u00f3n de las presentes condiciones de uso.<\/p>\n<ol start=\"12\">\n<li><strong>LEY APLICABLE Y JURISDICCI\u00d3N<\/strong><\/li>\n<\/ol>\n<p>Las relaciones establecidas entre SONRIE, S.L., titular de la p\u00e1gina web, y el usuario se regir\u00e1 por la normativa espa\u00f1ola vigente, quedando sometida a ella, tanto nacionales como extranjeros que utilicen esta web.<\/p>\n<p>La resoluci\u00f3n de cualquier posible controversia que pueda surgir quedar\u00e1 sometida a los Juzgados y tribunales de la ciudad de Lleida.<\/p>\n<p><strong>Para cualquier cuesti\u00f3n respecto a las condiciones de uso de la p\u00e1gina web o bien, sobre los dem\u00e1s contenidos plasmados en el presente aviso legal, puede ponerse en contacto con nosotros a trav\u00e9s de los datos facilitados al respecto. <\/strong><\/p>\n<\/div>\n\n\n\n\n\t\t\t<\/div> \n\t\t<\/div>\n\t<\/div> \n<\/div><\/div>","protected":false},"excerpt":{"rendered":"Aviso legal La marca ZIVING, se trata de una asociaci\u00f3n de especialistas en ortodoncia creada con la finalidad de prestar los mejores servicios a sus clientes. ZIVING se trata de...","protected":false},"author":1,"featured_media":0,"parent":0,"menu_order":0,"comment_status":"closed","ping_status":"closed","template":"","meta":{"_joinchat":[],"footnotes":""},"class_list":["post-1467","page","type-page","status-publish"],"_links":{"self":[{"href":"https:\/\/ziving.com\/ca\/wp-json\/wp\/v2\/pages\/1467","targetHints":{"allow":["GET"]}}],"collection":[{"href":"https:\/\/ziving.com\/ca\/wp-json\/wp\/v2\/pages"}],"about":[{"href":"https:\/\/ziving.com\/ca\/wp-json\/wp\/v2\/types\/page"}],"author":[{"embeddable":true,"href":"https:\/\/ziving.com\/ca\/wp-json\/wp\/v2\/users\/1"}],"replies":[{"embeddable":true,"href":"https:\/\/ziving.com\/ca\/wp-json\/wp\/v2\/comments?post=1467"}],"version-history":[{"count":6,"href":"https:\/\/ziving.com\/ca\/wp-json\/wp\/v2\/pages\/1467\/revisions"}],"predecessor-version":[{"id":6612,"href":"https:\/\/ziving.com\/ca\/wp-json\/wp\/v2\/pages\/1467\/revisions\/6612"}],"wp:attachment":[{"href":"https:\/\/ziving.com\/ca\/wp-json\/wp\/v2\/media?parent=1467"}],"curies":[{"name":"wp","href":"https:\/\/api.w.org\/{rel}","templated":true}]}}