{"id":1469,"date":"2020-06-11T15:53:40","date_gmt":"2020-06-11T14:53:40","guid":{"rendered":"https:\/\/zivingonline.com\/?page_id=1469"},"modified":"2021-07-13T15:20:51","modified_gmt":"2021-07-13T14:20:51","slug":"cookies","status":"publish","type":"page","link":"https:\/\/ziving.com\/ca\/cookies\/","title":{"rendered":"Pol\u00edtica de Cookies"},"content":{"rendered":"<div id=\"fws_69efcc678fcc0\"  data-column-margin=\"default\" data-midnight=\"dark\"  class=\"wpb_row vc_row-fluid vc_row\"  style=\"padding-top: 0px; padding-bottom: 0px; \"><div class=\"row-bg-wrap\" data-bg-animation=\"none\" data-bg-animation-delay=\"\" data-bg-overlay=\"false\"><div class=\"inner-wrap row-bg-layer\" ><div class=\"row-bg viewport-desktop\"  style=\"\"><\/div><\/div><\/div><div class=\"row_col_wrap_12 col span_12 dark left\">\n\t<div  class=\"vc_col-sm-12 wpb_column column_container vc_column_container col no-extra-padding inherit_tablet inherit_phone\"  data-padding-pos=\"all\" data-has-bg-color=\"false\" data-bg-color=\"\" data-bg-opacity=\"1\" data-animation=\"\" data-delay=\"0\" >\n\t\t<div class=\"vc_column-inner\" >\n\t\t\t<div class=\"wpb_wrapper\">\n\t\t\t\t\n<div class=\"wpb_text_column wpb_content_element\" >\n\t<h3 style=\"text-align: center;\"><strong>POLITICA DE COOKIES<\/strong><\/h3>\n<p>SONRIE, S.L. pone en conocimiento del usuario, que, en el presente sitio web, se utilizan cookies o archivos de una funcionalidad similar para poder ofrecer una mejor navegaci\u00f3n. La empresa es la responsable de las cookies y el tratamiento de los datos que se obtienen a partir de las mismas.<\/p>\n<ol>\n<li><strong><u>DEFINICI\u00d3N DE COOKIES<\/u><\/strong><\/li>\n<\/ol>\n<p><strong>Qu\u00e8 s\u00f3n les cookies? <\/strong><\/p>\n<p>Las\u00a0cookies\u00a0son peque\u00f1os ficheros que se instalan en el disco duro o en el navegador del ordenador, tableta, tel\u00e9fono inteligente o dispositivo equivalente con funciones de navegaci\u00f3n a trav\u00e9s de Internet y ayudan, entre otras cosas, \u00a0a personalizar los servicios del titular de la web, facilitar la navegaci\u00f3n y usabilidad a trav\u00e9s de ella,\u00a0 obtener informaci\u00f3n agregada de los visitantes de la web, posibilitar la reproducci\u00f3n y visualizaci\u00f3n de contenido multimedia en la propia web, permitir elementos de interactuaci\u00f3n entre el usuario y la web o habilitar herramientas de seguridad.<\/p>\n<p>A continuaci\u00f3n, les detallaremos los tipos de cookies existentes seg\u00fan su funcionalidad.<\/p>\n<ol start=\"2\">\n<li><strong><u>TIPOS DE COOKIES Y USO<\/u><\/strong><\/li>\n<\/ol>\n<p>Los diferentes tipos de cookies existentes, se clasifican seg\u00fan las siguientes caracter\u00edsticas:<\/p>\n<p><strong>2.1.- Seg\u00fan la entidad que las gestione: <\/strong><\/p>\n<ul>\n<li><strong>Cookies propias. <\/strong>son aquellas que se env\u00edan al equipo terminal del usuario desde un equipo o dominio gestionado por el propio editor y desde el que se presta el servicio solicitado por el usuario.<\/li>\n<li><strong>Cookies de terceros. <\/strong>Aqu\u00e9llas que se env\u00edan al equipo terminal del usuario desde un equipo o dominio que no es gestionado por el editor, sino por otra entidad que trata los datos obtenidos trav\u00e9s de las cookies.<\/li>\n<\/ul>\n<p><strong>2.2.- Seg\u00fan su finalidad: <\/strong><\/p>\n<ul>\n<li><strong>Cookies t\u00e9cnicas. <\/strong>Son aquellas facilitan la navegaci\u00f3n del usuario y la utilizaci\u00f3n de las diferentes opciones o servicios que ofrece la web como identificar la sesi\u00f3n, permitir el acceso a determinadas \u00e1reas, facilitar pedidos, compras, cumplimentaci\u00f3n de formularios, inscripciones, seguridad, facilitar funcionalidades (videos, redes sociales\u2026).<\/li>\n<li><strong>Cookies de preferencias o personalizaci\u00f3n. <\/strong>Son aquellas que permiten recordar informaci\u00f3n para que el usuario acceda al servicio con determinadas caracter\u00edsticas que pueden diferenciar su experiencia de la de otros usuarios (navegador, idioma, configuraci\u00f3n, etc.)<\/li>\n<li><strong>Cookies de an\u00e1lisis o de medici\u00f3n. <\/strong>Son aquellas que permiten al responsable el seguimiento y an\u00e1lisis del comportamiento y actividad de los usuarios de los sitios web. Se utilizan con el don de introducir mejoras en el sitio web en funci\u00f3n del an\u00e1lisis de este comportamiento.<\/li>\n<\/ul>\n<ul>\n<li><strong>Cookies de publicidad comportamental. <\/strong>Son aquellas que almacenan informaci\u00f3n del comportamiento de los usuarios obtenida a trav\u00e9s de la observaci\u00f3n continuada de sus h\u00e1bitos de navegaci\u00f3n, lo que permite desarrollar un perfil espec\u00edfico para mostrar publicidad en funci\u00f3n del mismo, la cual se muestra en el navegador del usuario o bien en las redes sociales del usuario.<\/li>\n<\/ul>\n<p><strong>2.3.- Seg\u00fan el plazo de tiempo que permanecen activas: <\/strong><\/p>\n<ul>\n<li><strong>Cookies de sesi\u00f3n. <\/strong>Son aquellas dise\u00f1adas para recabar y almacenar datos mientras el usuario accede a una p\u00e1gina web. Se suelen emplear para almacenar informaci\u00f3n que solo interesa conservar para la prestaci\u00f3n del servicio solicitado por el usuario en una sola ocasi\u00f3n (por ejemplo, una lista de productos adquiridos) y desaparecen al terminar la sesi\u00f3n.<\/li>\n<li><strong>Cookies persistentes<\/strong>: Son aquellas en las que los datos siguen almacenados en el terminal y pueden ser accedidos y tratados durante un periodo definido por el responsable de la cookie, y que puede ir de unos minutos a varios a\u00f1os.<\/li>\n<\/ul>\n<ol start=\"3\">\n<li><strong><u>COOKIES UTILIZADAS EN LA PRESENTE WEB<\/u><\/strong><\/li>\n<\/ol>\n<p>Este sitio web utiliza cookies propias t\u00e9cnicas para las cuales no se precisa la obtenci\u00f3n del consentimiento del usuario, ya que est\u00e1n excluidas del \u00e1mbito de aplicaci\u00f3n del <a href=\"http:\/\/app.vlex.com\/#vid\/172670\/node\/22.2\">art. 22.2<\/a> de la <a href=\"http:\/\/app.vlex.com\/#vid\/172670\">Ley 34\/2002<\/a>, de 11 de julio, de Servicios de la Sociedad de la Informaci\u00f3n y de Comercio Electr\u00f3nico. En cambio, utiliza tambi\u00e9n cookies de terceros de an\u00e1lisis o medici\u00f3n, que requieren de la obtenci\u00f3n del usuario, aunque tengas una finalidad puramente estad\u00edstica y es poco probable que representen un riesgo para la privacidad de los usuarios.<\/p>\n<p>Para que el usuario pueda identificar las cookies utilizadas en la presente p\u00e1gina web, se proceden a identificar a continuaci\u00f3n:<\/p>\n<table class=\"cookielawinfo-row-cat-table cookielawinfo-winter\"><thead><tr><th class=\"cookielawinfo-column-1\">Galeta<\/th><th class=\"cookielawinfo-column-3\">Durada<\/th><th class=\"cookielawinfo-column-4\">Descripci\u00f3<\/th><\/tr><\/thead><tbody><tr class=\"cookielawinfo-row\"><td class=\"cookielawinfo-column-1\">_ga<\/td><td class=\"cookielawinfo-column-3\">2 a\u00f1os<\/td><td class=\"cookielawinfo-column-4\">Esta cookie es instalada por Google Analytics. La cookie se utiliza para calcular los datos de visitantes, sesiones y campa\u00f1as y realizar un seguimiento del uso del sitio para el informe de an\u00e1lisis del sitio. Las cookies almacenan informaci\u00f3n de forma an\u00f3nima y asignan un n\u00famero generado aleatoriamente para identificar visitantes \u00fanicos.<\/td><\/tr><tr class=\"cookielawinfo-row\"><td class=\"cookielawinfo-column-1\">_gat_gtag_UA_148194755_1<\/td><td class=\"cookielawinfo-column-3\">1 minuto<\/td><td class=\"cookielawinfo-column-4\">Google establece esta cookie y se utiliza para distinguir a los usuarios.<\/td><\/tr><tr class=\"cookielawinfo-row\"><td class=\"cookielawinfo-column-1\">_gid<\/td><td class=\"cookielawinfo-column-3\">1 d\u00eda<\/td><td class=\"cookielawinfo-column-4\">Esta cookie es instalada por Google Analytics. La cookie se utiliza para almacenar informaci\u00f3n sobre c\u00f3mo los visitantes usan un sitio web y ayuda a crear un informe anal\u00edtico de c\u00f3mo est\u00e1 funcionando el sitio web. Los datos recopilados, incluido el n\u00famero de visitantes, la fuente de donde provienen y las p\u00e1ginas visitadas de forma an\u00f3nima.<\/td><\/tr><tr class=\"cookielawinfo-row\"><td class=\"cookielawinfo-column-1\">CONSENT<\/td><td class=\"cookielawinfo-column-3\">20 a\u00f1os<\/td><td class=\"cookielawinfo-column-4\">Estas cookies se establecen a trav\u00e9s de videos de youtube incrustados. Registran datos estad\u00edsticos an\u00f3nimos sobre, por ejemplo, cu\u00e1ntas veces se muestra el video y qu\u00e9 configuraciones se utilizan para la reproducci\u00f3n. No se recopilan datos confidenciales a menos que inicie sesi\u00f3n en su cuenta de Google, en ese caso, sus opciones est\u00e1n vinculadas con su cuenta, por ejemplo. si hace clic en \"Me gusta\" en un video.<\/td><\/tr><\/tbody><\/table>\n<ol start=\"4\">\n<li><strong><u>INFORMACI\u00d3N SOBRE LA FORMA DE ACEPTAR O DENEGAR EL CONSENTIMIENTO PARA EL USO DE LAS COOKIES<\/u><\/strong><\/li>\n<\/ol>\n<p>SONRIE, S.L. muestra la informaci\u00f3n sobre la presente Pol\u00edtica de cookies, a trav\u00e9s de un banner que aparece en la parte inferior de la p\u00e1gina web en cada inicio de sesi\u00f3n. A trav\u00e9s del banner en cuesti\u00f3n, usted podr\u00e1 optar por las distintas acciones:<\/p>\n<ul>\n<li>\u201c<strong><em>Rechazar cookies\u201d<\/em><\/strong>: Si hace <em>click<\/em> en esta opci\u00f3n, usted estar\u00e1 aceptando \u00fanicamente el uso de cookies necesarias, las cuales son imprescindibles para un adecuado funcionamiento de la web, y estar\u00e1 denegando la instalaci\u00f3n de cualquier otra cookie que la p\u00e1gina web pueda utilizar. En el caso de restringir o bloquear las cookies puede ver reducidas las funcionalidades de la web.<\/li>\n<li><strong><em>\u201cPermitir la selecci\u00f3n\u201d:<\/em><\/strong> En esta opci\u00f3n primero tendr\u00e1 que seleccionar el tipo de cookies que quiere que se le instalen en su equipo\/dispositivo, y luego hacer <em>click<\/em> en la opci\u00f3n de \u201cpermitir la selecci\u00f3n\u201d. SONRIE, S.L., solamente utiliza dos tipos de cookies:<\/li>\n<li><u>Cookies necesarias<\/u>: son imprescindibles para el funcionamiento adecuado de la web, ayudan a hacer una p\u00e1gina web utilizable activando funciones b\u00e1sicas como la navegaci\u00f3n en la p\u00e1gina y el acceso a \u00e1reas seguras de la p\u00e1gina web. Sin ellas la p\u00e1gina web no podr\u00eda funcionar adecuadamente. No recaban datos personales.<\/li>\n<li><u>Cookies estad\u00edsticas o de medici\u00f3n<\/u>: ayudan a los propietarios de p\u00e1ginas web a comprender c\u00f3mo interact\u00faan los visitantes con las p\u00e1ginas web reuniendo y proporcionando informaci\u00f3n de forma an\u00f3nima, con el fin de introducir mejoras en la web a trav\u00e9s de los datos obtenidos.<\/li>\n<\/ul>\n<p>En cuanto a las cookies necesarias, no se podr\u00e1 optar si se permite o no su uso o instalaci\u00f3n por el simple hecho de ser imprescindibles para el adecuado funcionamiento de la web, por ello que, si se opta por la opci\u00f3n de \u201crechazar las cookies\u201d, <span class=\"\">se estar\u00e1n aceptando a parte de las t\u00e9cnicas, las de estad\u00edstica o medici\u00f3n, a no ser que se desmarque la opci\u00f3n de instalaci\u00f3n de cookies de estad\u00edstica o medici\u00f3n.<\/span><\/p>\n<ul>\n<li><strong><em>\u201cPermitir todas las cookies\u201d:<\/em><\/strong> si usted opta por esta opci\u00f3n, se le instalar\u00e1n todas las cookies que la p\u00e1gina web utiliza. En este caso, \u00fanicamente estar\u00eda prestando su consentimiento a la utilizaci\u00f3n de las cookies necesarias y estad\u00edsticas o de medici\u00f3n, porqu\u00e9 son las \u00fanicas que SONRIE, S.L., utiliza en esta p\u00e1gina web.<\/li>\n<\/ul>\n<ol start=\"5\">\n<li><strong><u>REVOCACI\u00d3N DEL CONSENTIMINETO PARA INSTALAR LAS COOKIES<\/u><\/strong><\/li>\n<\/ol>\n<p>No recomendados que restrinja o bloquee cookies, ya que esto puede afectar al funcionamiento y calidad de nuestros servicios y sitios web y, por tanto, su experiencia puede resultar menos satisfactoria. Sin embargo, en cualquier momento, el usuario podr\u00e1 ejercer su derecho de desactivaci\u00f3n o eliminaci\u00f3n de cookies de este sitio web, bloqueando o deshabilitando las mismas al modificar la configuraci\u00f3n de las opciones del navegador instalado en su ordenador, el cual le permitir\u00e1 rechazar la instalaci\u00f3n de todas o algunas de las cookies.<\/p>\n<p>En este apartado detallamos los pasos a seguir para eliminar las cookies de su navegador. Dependiendo del navegador que est\u00e9 utilizando, tendr\u00e1 que seguir los siguientes pasos:<\/p>\n<ol>\n<li><strong><u>Chrome<\/u><\/strong><\/li>\n<\/ol>\n<ul>\n<li>Seleccionar el icono de \u201cherramientas\u201d.<\/li>\n<li>Hacer clic a \u201cconfiguraci\u00f3n\u201d.<\/li>\n<li>Hacer clic a \u201cmuestra opciones avanzadas\u201d.<\/li>\n<li>A la secci\u00f3n \u201cPrivacidad\u201d hacer clic a \u201cconfiguraci\u00f3n del contenido\u201d.\n<ul>\n<li>Suprimir las cookies: Hacer clic a todas las cookies y datos del lugar.<\/li>\n<li>No permitir que se almacenen cookies.<\/li>\n<\/ul>\n<\/li>\n<li>Hacer clic a eliminar los datos de navegaci\u00f3n (vaciar la memoria Cau).<\/li>\n<li>Cerrar y reiniciar el ordenador.<\/li>\n<\/ul>\n<p>Para m\u00e1s informaci\u00f3n sobre Chrome: <a href=\"Http:\/\/support.google.com\/chrome\/answer\/95647?hl=es\">Http:\/\/support.google.com\/chrome\/answer\/95647?hl=es<\/a><\/p>\n<ol start=\"2\">\n<li><strong><u>Internet Explorer. Versi\u00f3n 11<\/u><\/strong><\/li>\n<\/ol>\n<ul>\n<li>Seleccionar Herramientas \/ Opciones de Internet.<\/li>\n<li>Hacer clic a la pesta\u00f1a \u201cGeneral\u201d.<\/li>\n<li>A la secci\u00f3n \u201cHistorial de Navegaci\u00f3n\u201d, hacer clic a suprimir el historial de exploraci\u00f3n al salir.<\/li>\n<li>Seleccionar \u201cEliminar archivos\u201d.<\/li>\n<li>Seleccionar \u201cSuprimir las cookies\u201d.<\/li>\n<li>Hacer clic a \u201cSuprimir\u201d.<\/li>\n<li>Hacer clic a \u201cDe acuerdo\u201d.<\/li>\n<li>Cerrar y reiniciar el ordenador.<\/li>\n<\/ul>\n<p>Para m\u00e1s informaci\u00f3n sobre Internet Explorer: <a href=\"https:\/\/support.microsoft.com\/es-es\/help\/278835\/how-to-delete-cookies-files-in-internet-explorer\">https:\/\/support.microsoft.com\/es-es\/help\/278835\/how-to-delete-cookies-files-in-internet-explorer<\/a><\/p>\n<ol start=\"3\">\n<li><strong><u> Versi\u00f3n 18<\/u><\/strong><\/li>\n<\/ol>\n<ul>\n<li>Seleccionar Firefox \/ Historial \/ Limpiar historial reciente.<\/li>\n<li>Al lado de \u201cDetalles\u201d, hacer clic a la flecha hacia abajo.<\/li>\n<li>Selecciona las siguientes casillas de verificaci\u00f3n: cookies, memoria Cau, inicios de sesi\u00f3n activos.<\/li>\n<li>Usando el \u201cperiodo de tiempo para borrar\u201d al men\u00fa desplegable, selecciona \u201cTodo\u201d.<\/li>\n<li>Hacer clic a \u201cLimpiar ahora\u201d.<\/li>\n<li>Cerrar y reiniciar el navegador.<\/li>\n<\/ul>\n<p>Puedes aceptar o refutar las cookies individualmente en las Preferencias del Firefox, a la secci\u00f3n: Historial disponible a &gt; Herramientas &gt; Opciones &gt; Privacidad.<\/p>\n<p>Para m\u00e1s informaci\u00f3n sobre Mozilla Firefox: <a href=\"https:\/\/www.mozilla.org\/es-ES\/privacy\/websites\/#cookies\">https:\/\/www.mozilla.org\/es-ES\/privacy\/websites\/#cookies<\/a><\/p>\n<ol start=\"4\">\n<li><strong>Safari Versi\u00f3n 5.1<\/strong><\/li>\n<\/ol>\n<ul>\n<li>Seleccionar el icono de Safari \/ Editar \/ Restaurar Safari.<\/li>\n<li>Seleccionar las siguientes casillas de verificaci\u00f3n: Eliminar historial, Eliminar todos los datos del sitio web.<\/li>\n<li>Hacer clic en \u201cRestablecer\u201d.<\/li>\n<li>Cerrar y reiniciar el navegador.<\/li>\n<\/ul>\n<p>Para m\u00e1s informaci\u00f3n sobre Safari: <a href=\"https:\/\/www.apple.com\/legal\/privacy\/en-ww\/cookies\/\">https:\/\/www.apple.com\/legal\/privacy\/en-ww\/cookies\/<\/a><\/p>\n<ul>\n<li>Opciones \u2013 Avanzado \u2013 Cookies.<\/li>\n<li><strong>Las opciones de cookies controlan la forma en que Opera las gestiona y por tanto, su aceptaci\u00f3n o rechazo. <\/strong><\/li>\n<\/ul>\n<p><strong>\u00a0<\/strong>Para m\u00e1s informaci\u00f3n sobre Opera: <a href=\"https:\/\/help.opera.com\/en\/latest\/security-and-privacy\/#clearBrowsingData\">https:\/\/help.opera.com\/en\/latest\/security-and-privacy\/#clearBrowsingData<\/a><\/p>\n<ol start=\"6\">\n<li><strong>Otros navegadores. <\/strong><\/li>\n<\/ol>\n<p>Consultar la documentaci\u00f3n del navegador que tenga instalado.<\/p>\n<ol start=\"6\">\n<li><strong><u>CAMBIOS EN LA POL\u00cdTICA DE COOKIES<\/u><\/strong><\/li>\n<\/ol>\n<p>Es posible que la presente Pol\u00edtica de Cookies sufra modificaciones en un futuro, por ello es aconsejable que cada vez que el usuario acceda a esta p\u00e1gina web, consulte nuevamente esta pol\u00edtica con el objetivo de estar informado adecuadamente sobre las actualizaciones que se han producido.<\/p>\n<ol start=\"7\">\n<li><strong><u>CONTACTA CON NOSOTROS<\/u><\/strong><\/li>\n<\/ol>\n<p>Si tiene cualquier duda, comentario o sugerencia sobre nuestra Pol\u00edtica de Cookies, no dude en ponerse en contacto con nosotros a trav\u00e9s de la siguiente direcci\u00f3n de correo electr\u00f3nico <a href=\"mailto:lopd@ziving.com\">lopd@ziving.com<\/a><\/p>\n<\/div>\n\n\n\n\n\t\t\t<\/div> \n\t\t<\/div>\n\t<\/div> \n<\/div><\/div>","protected":false},"excerpt":{"rendered":"POLITICA DE COOKIES SONRIE, S.L. pone en conocimiento del usuario, que, en el presente sitio web, se utilizan cookies o archivos de una funcionalidad similar para poder ofrecer una mejor...","protected":false},"author":1,"featured_media":0,"parent":0,"menu_order":0,"comment_status":"closed","ping_status":"closed","template":"","meta":{"_joinchat":[],"footnotes":""},"class_list":["post-1469","page","type-page","status-publish"],"_links":{"self":[{"href":"https:\/\/ziving.com\/ca\/wp-json\/wp\/v2\/pages\/1469","targetHints":{"allow":["GET"]}}],"collection":[{"href":"https:\/\/ziving.com\/ca\/wp-json\/wp\/v2\/pages"}],"about":[{"href":"https:\/\/ziving.com\/ca\/wp-json\/wp\/v2\/types\/page"}],"author":[{"embeddable":true,"href":"https:\/\/ziving.com\/ca\/wp-json\/wp\/v2\/users\/1"}],"replies":[{"embeddable":true,"href":"https:\/\/ziving.com\/ca\/wp-json\/wp\/v2\/comments?post=1469"}],"version-history":[{"count":6,"href":"https:\/\/ziving.com\/ca\/wp-json\/wp\/v2\/pages\/1469\/revisions"}],"predecessor-version":[{"id":6679,"href":"https:\/\/ziving.com\/ca\/wp-json\/wp\/v2\/pages\/1469\/revisions\/6679"}],"wp:attachment":[{"href":"https:\/\/ziving.com\/ca\/wp-json\/wp\/v2\/media?parent=1469"}],"curies":[{"name":"wp","href":"https:\/\/api.w.org\/{rel}","templated":true}]}}