{"id":2398,"date":"2020-07-28T09:20:01","date_gmt":"2020-07-28T08:20:01","guid":{"rendered":"https:\/\/zivingonline.com\/?page_id=2398"},"modified":"2021-07-05T16:05:56","modified_gmt":"2021-07-05T15:05:56","slug":"plan-de-pagos-personalizado","status":"publish","type":"page","link":"https:\/\/ziving.com\/ca\/plan-de-pagos-personalizado\/","title":{"rendered":"Pla de pagaments"},"content":{"rendered":"<div id=\"fws_69e7e064b216d\"  data-column-margin=\"default\" data-midnight=\"dark\" data-top-percent=\"12%\" data-bottom-percent=\"7%\"  class=\"wpb_row vc_row-fluid vc_row full-width-section\"  style=\"padding-top: calc(100vw * 0.12); padding-bottom: calc(100vw * 0.07); \"><div class=\"row-bg-wrap\" data-bg-animation=\"none\" data-bg-animation-delay=\"\" data-bg-overlay=\"false\"><div class=\"inner-wrap row-bg-layer using-image\" ><div class=\"row-bg viewport-desktop using-image\"  style=\"background-image: url(https:\/\/ziving.com\/wp-content\/uploads\/2020\/07\/iStock_000023020317XXLarge-min-scaled-e1595924701766.jpg); background-position: center top; background-repeat: no-repeat; \"><\/div><\/div><\/div><div class=\"nectar-shape-divider-wrap no-color\" style=\" height:40px;\"  data-height=\"40\" data-front=\"\" data-style=\"curve_opacity\" data-position=\"bottom\" ><svg class=\"nectar-shape-divider\" fill=\"\" xmlns=\"http:\/\/www.w3.org\/2000\/svg\" viewbox=\"0 0 1000 100\" preserveaspectratio=\"none\"> <path d=\"M 0 14 s 88.64 3.48 300 36 c 260 40 514 27 703 -10 l 12 28 l 3 36 h -1018 z\"><\/path> <path d=\"M 0 45 s 271 45.13 500 32 c 157 -9 330 -47 515 -63 v 86 h -1015 z\"><\/path> <path d=\"M 0 58 s 188.29 32 508 32 c 290 0 494 -35 494 -35 v 45 h -1002 z\"><\/path> <\/svg><\/div><div class=\"row_col_wrap_12 col span_12 dark left\">\n\t<div  class=\"vc_col-sm-12 wpb_column column_container vc_column_container col centered-text no-extra-padding inherit_tablet inherit_phone\"  data-padding-pos=\"all\" data-has-bg-color=\"false\" data-bg-color=\"\" data-bg-opacity=\"1\" data-animation=\"\" data-delay=\"0\" >\n\t\t<div class=\"vc_column-inner\" >\n\t\t\t<div class=\"wpb_wrapper\">\n\t\t\t\t<div class=\"nectar-highlighted-text\" data-style=\"half_text\" data-exp=\"default\" data-user-color=\"true\" style=\"color: #ffffff;\" data-using-custom-color=\"true\" data-animation-delay=\"400\" data-color=\"#86ba40\" data-color-gradient=\"rgba(255,255,255,0.01)\"><h2>Pla de pagaments\u00a0<em>individualitzat<\/em><\/h2>\n<\/div>\n\t\t\t<\/div> \n\t\t<\/div>\n\t<\/div> \n<\/div><\/div>\n\t\t<div id=\"fws_69e7e064b281e\"  data-column-margin=\"default\" data-midnight=\"dark\" data-top-percent=\"5%\" data-bottom-percent=\"3%\"  class=\"wpb_row vc_row-fluid vc_row full-width-content vc_row-o-equal-height vc_row-flex vc_row-o-content-middle borderedondeadoedad right_padding_10pct left_padding_10pct right_padding_phone_0pct left_padding_phone_0pct\"  style=\"padding-top: calc(100vw * 0.05); padding-bottom: calc(100vw * 0.03); \"><div class=\"row-bg-wrap\" data-bg-animation=\"none\" data-bg-animation-delay=\"\" data-bg-overlay=\"false\"><div class=\"inner-wrap row-bg-layer\" ><div class=\"row-bg viewport-desktop\"  style=\"\"><\/div><\/div><\/div><div class=\"row_col_wrap_12 col span_12 dark left\">\n\t<div  class=\"vc_col-sm-6 wpb_column column_container vc_column_container col no-extra-padding inherit_tablet padding-4-percent_phone\"  data-padding-pos=\"left-right\" data-has-bg-color=\"false\" data-bg-color=\"\" data-bg-opacity=\"1\" data-animation=\"\" data-delay=\"0\" >\n\t\t<div class=\"vc_column-inner\" >\n\t\t\t<div class=\"wpb_wrapper\">\n\t\t\t\t<div class=\"nectar-highlighted-text font_size_6vh\" data-style=\"half_text\" data-exp=\"default\" data-using-custom-color=\"true\" data-animation-delay=\"400\" data-color=\"#ff0099\" data-color-gradient=\"#ffffff\" style=\"\"><h2>Com s\u00f3n els nostres<\/h2>\n<h2><em>pressupostos<\/em><\/h2>\n<\/div>\n<div class=\"wpb_text_column wpb_content_element\" >\n\t<p>En Ziving abans d'iniciar un tractament\u00a0<strong>et donarem tota la informaci\u00f3<\/strong>\u00a0cl\u00ednica i administrativa perqu\u00e8 no se t'escapi res. La informaci\u00f3 que rebr\u00e0s inclou un\u00a0<strong>pressupost tancat i per escrit<\/strong>, amb indicaci\u00f3 precisa de totes les cobertures i el pla de pagaments en cas de ser necessari.<\/p>\n<p class=\"translation-block\">Dispossar\u00e1s de un un assessor personalizat que buscar\u00e0 la millor f\u00f3rmula per adaptar el pla de pagaments a les tev\u00e9s necessitats.<\/p>\n<p class=\"translation-block\">Recorda, t\u2019ajudarem per a que tinguis una boca sana al menor esfor\u00e7.<\/p>\n<p>Recorda,\u00a0<strong>t'ajudarem perqu\u00e8 tinguis una boca sana al menor esfor\u00e7<\/strong>.<\/p>\n<\/div>\n\n\n\n\n\t\t\t<\/div> \n\t\t<\/div>\n\t<\/div> \n\n\t<div  class=\"vc_col-sm-6 wpb_column column_container vc_column_container col centered-text padding-4-percent inherit_tablet no-extra-padding_phone\"  data-padding-pos=\"left\" data-has-bg-color=\"false\" data-bg-color=\"\" data-bg-opacity=\"1\" data-animation=\"\" data-delay=\"0\" >\n\t\t<div class=\"vc_column-inner\" >\n\t\t\t<div class=\"wpb_wrapper\">\n\t\t\t\t<div class=\"img-with-aniamtion-wrap\" data-max-width=\"100%\" data-max-width-mobile=\"default\" data-shadow=\"none\" data-animation=\"fade-in\" >\n      <div class=\"inner\">\n        <div class=\"hover-wrap\"> \n          <div class=\"hover-wrap-inner\">\n            <img decoding=\"async\" class=\"img-with-animation skip-lazy\" data-delay=\"0\" height=\"1913\" width=\"1708\" data-animation=\"fade-in\" src=\"https:\/\/ziving.com\/wp-content\/uploads\/2020\/07\/smiling-ethnic-boy-looking-at-little-girl-sinking-down-from-4473800-min-scaled-e1595925025938.jpg\" alt=\"\" srcset=\"https:\/\/ziving.com\/wp-content\/uploads\/2020\/07\/smiling-ethnic-boy-looking-at-little-girl-sinking-down-from-4473800-min-scaled-e1595925025938.jpg 1708w, https:\/\/ziving.com\/wp-content\/uploads\/2020\/07\/smiling-ethnic-boy-looking-at-little-girl-sinking-down-from-4473800-min-scaled-e1595925025938-268x300.jpg 268w, https:\/\/ziving.com\/wp-content\/uploads\/2020\/07\/smiling-ethnic-boy-looking-at-little-girl-sinking-down-from-4473800-min-scaled-e1595925025938-914x1024.jpg 914w, https:\/\/ziving.com\/wp-content\/uploads\/2020\/07\/smiling-ethnic-boy-looking-at-little-girl-sinking-down-from-4473800-min-scaled-e1595925025938-768x860.jpg 768w, https:\/\/ziving.com\/wp-content\/uploads\/2020\/07\/smiling-ethnic-boy-looking-at-little-girl-sinking-down-from-4473800-min-scaled-e1595925025938-1371x1536.jpg 1371w\" sizes=\"(max-width: 1708px) 100vw, 1708px\" \/>\n          <\/div>\n        <\/div>\n        \n      <\/div>\n    <\/div>\n\t\t\t<\/div> \n\t\t<\/div>\n\t<\/div> \n<\/div><\/div>\n\t\t<div id=\"fws_69e7e064b33bb\"  data-column-margin=\"default\" data-midnight=\"light\" data-top-percent=\"4%\" data-bottom-percent=\"4%\"  class=\"wpb_row vc_row-fluid vc_row full-width-content has-row-bg-color vc_row-o-equal-height vc_row-flex vc_row-o-content-middle  right_padding_15pct left_padding_15pct\"  style=\"padding-top: calc(100vw * 0.04); padding-bottom: calc(100vw * 0.04); --row-bg-color: #ff4fb8;\"><div class=\"row-bg-wrap\" data-bg-animation=\"none\" data-bg-animation-delay=\"\" data-bg-overlay=\"true\"><div class=\"inner-wrap row-bg-layer\" ><div class=\"row-bg viewport-desktop using-bg-color\"  style=\"background-color: #ff4fb8; \"><\/div><\/div><div class=\"row-bg-overlay row-bg-layer\" style=\"background-color:#ff0099;  opacity: 0.8; \"><\/div><\/div><div class=\"nectar-shape-divider-wrap no-color\" style=\" height:15px;\"  data-height=\"15\" data-front=\"\" data-style=\"curve_opacity\" data-position=\"top\" ><svg class=\"nectar-shape-divider\" fill=\"\" xmlns=\"http:\/\/www.w3.org\/2000\/svg\" viewbox=\"0 0 1000 100\" preserveaspectratio=\"none\"> <path d=\"M 0 14 s 88.64 3.48 300 36 c 260 40 514 27 703 -10 l 12 28 l 3 36 h -1018 z\"><\/path> <path d=\"M 0 45 s 271 45.13 500 32 c 157 -9 330 -47 515 -63 v 86 h -1015 z\"><\/path> <path d=\"M 0 58 s 188.29 32 508 32 c 290 0 494 -35 494 -35 v 45 h -1002 z\"><\/path> <\/svg><\/div><div class=\"row_col_wrap_12 col span_12 light left\">\n\t<div  class=\"vc_col-sm-5 wpb_column column_container vc_column_container col no-extra-padding force-tablet-text-align-center force-phone-text-align-center inherit_tablet inherit_phone\"  data-padding-pos=\"all\" data-has-bg-color=\"false\" data-bg-color=\"\" data-bg-opacity=\"1\" data-animation=\"\" data-delay=\"0\" >\n\t\t<div class=\"vc_column-inner\" >\n\t\t\t<div class=\"wpb_wrapper\">\n\t\t\t\t<div class=\"nectar-highlighted-text font_size_6vh\" data-style=\"half_text\" data-exp=\"default\" data-using-custom-color=\"true\" data-animation-delay=\"false\" data-color=\"#ff1053\" data-color-gradient=\"\" style=\"\"><h2>Mare, resolem els teus dubtes<\/h2>\n<\/div>\n\t\t\t<\/div> \n\t\t<\/div>\n\t<\/div> \n\n\t<div  class=\"vc_col-sm-1 wpb_column column_container vc_column_container col no-extra-padding force-tablet-text-align-center force-phone-text-align-center inherit_tablet inherit_phone\"  data-padding-pos=\"all\" data-has-bg-color=\"false\" data-bg-color=\"\" data-bg-opacity=\"1\" data-animation=\"\" data-delay=\"0\" >\n\t\t<div class=\"vc_column-inner\" >\n\t\t\t<div class=\"wpb_wrapper\">\n\t\t\t\t\n\t\t\t<\/div> \n\t\t<\/div>\n\t<\/div> \n\n\t<div  class=\"vc_col-sm-6 wpb_column column_container vc_column_container col no-extra-padding force-tablet-text-align-center force-phone-text-align-center inherit_tablet inherit_phone\"  data-padding-pos=\"all\" data-has-bg-color=\"false\" data-bg-color=\"\" data-bg-opacity=\"1\" data-animation=\"\" data-delay=\"0\" >\n\t\t<div class=\"vc_column-inner\" >\n\t\t\t<div class=\"wpb_wrapper\">\n\t\t\t\t<div id=\"fws_69e7e064b3bbf\" data-midnight=\"\" data-column-margin=\"default\" class=\"wpb_row vc_row-fluid vc_row inner_row\"  style=\"\"><div class=\"row-bg-wrap\"> <div class=\"row-bg\" ><\/div> <\/div><div class=\"row_col_wrap_12_inner col span_12  right\">\n\t<div  class=\"vc_col-sm-12 wpb_column column_container vc_column_container col child_column no-extra-padding inherit_tablet inherit_phone\"   data-padding-pos=\"all\" data-has-bg-color=\"false\" data-bg-color=\"\" data-bg-opacity=\"1\" data-animation=\"\" data-delay=\"0\" >\n\t\t<div class=\"vc_column-inner\" >\n\t\t<div class=\"wpb_wrapper\">\n\t\t\t<a class=\"nectar-button jumbo see-through-2  has-icon\"  role=\"button\" style=\"border-color: #ffffff; color: #ffffff;\"  href=\"#popuppidecita\" data-color-override=\"#ffffff\"  data-hover-color-override=\"#ffffff\" data-hover-text-color-override=\"#000000\"><span>Parla amb nosaltres<\/span><i  class=\"icon-button-arrow\"><\/i><\/a>\n\t\t<\/div> \n\t<\/div>\n\t<\/div> \n<\/div><\/div>\n\t\t\t<\/div> \n\t\t<\/div>\n\t<\/div> \n<\/div><\/div>","protected":false},"excerpt":{"rendered":"Plan de pagos\u00a0individualizado Como son nuestros presupuestos En Ziving antes de iniciar un tratamiento\u00a0te daremos toda la informaci\u00f3n\u00a0cl\u00ednica y administrativa para que no se te escape nada. La informaci\u00f3n que...","protected":false},"author":1,"featured_media":2717,"parent":0,"menu_order":0,"comment_status":"closed","ping_status":"closed","template":"","meta":{"_joinchat":[],"footnotes":""},"class_list":["post-2398","page","type-page","status-publish","has-post-thumbnail"],"_links":{"self":[{"href":"https:\/\/ziving.com\/ca\/wp-json\/wp\/v2\/pages\/2398","targetHints":{"allow":["GET"]}}],"collection":[{"href":"https:\/\/ziving.com\/ca\/wp-json\/wp\/v2\/pages"}],"about":[{"href":"https:\/\/ziving.com\/ca\/wp-json\/wp\/v2\/types\/page"}],"author":[{"embeddable":true,"href":"https:\/\/ziving.com\/ca\/wp-json\/wp\/v2\/users\/1"}],"replies":[{"embeddable":true,"href":"https:\/\/ziving.com\/ca\/wp-json\/wp\/v2\/comments?post=2398"}],"version-history":[{"count":2,"href":"https:\/\/ziving.com\/ca\/wp-json\/wp\/v2\/pages\/2398\/revisions"}],"predecessor-version":[{"id":6606,"href":"https:\/\/ziving.com\/ca\/wp-json\/wp\/v2\/pages\/2398\/revisions\/6606"}],"wp:featuredmedia":[{"embeddable":true,"href":"https:\/\/ziving.com\/ca\/wp-json\/wp\/v2\/media\/2717"}],"wp:attachment":[{"href":"https:\/\/ziving.com\/ca\/wp-json\/wp\/v2\/media?parent=2398"}],"curies":[{"name":"wp","href":"https:\/\/api.w.org\/{rel}","templated":true}]}}