{"id":6495,"date":"2021-06-22T08:58:22","date_gmt":"2021-06-22T07:58:22","guid":{"rendered":"https:\/\/ziving.com\/?page_id=6495"},"modified":"2021-06-22T08:58:22","modified_gmt":"2021-06-22T07:58:22","slug":"politica-de-privacidad-de-ziving-tarragona","status":"publish","type":"page","link":"https:\/\/ziving.com\/ca\/politica-de-privacidad-de-ziving-tarragona\/","title":{"rendered":"Pol\u00edtica de Privacidad de Ziving Tarragona"},"content":{"rendered":"<p>Esta Pol\u00edtica de Privacidad de Ziving Tarragona., describe las pr\u00e1cticas de la asociaci\u00f3n, en relaci\u00f3n con el cumplimiento del Reglamento 2016\/679 del parlamento europeo y del consejo de 27 de abril de 2016 relativo a la protecci\u00f3n de las personas f\u00edsicas en lo que respecta al tratamiento de datos personales y a la libre circulaci\u00f3n de estos datos y por el que se deroga la Directiva 95\/46\/CE (En adelante, Reglamento general de protecci\u00f3n de datos).<\/p>\n<p>A continuaci\u00f3n, le proporcionamos toda la informaci\u00f3n necesaria en cuanto a nuestra Pol\u00edtica de Privacidad:<\/p>\n<p>1.- \u00bfQui\u00e9n es el Responsable de Tratamiento de tus datos?<\/p>\n<p>2.- \u00bfCon que finalidad tratamos tus datos personales?<\/p>\n<p>3.- \u00bfCu\u00e1l es la legitimaci\u00f3n o base leg\u00edtima para el tratamiento de tus datos?<\/p>\n<p>4.- \u00bfDurante cuanto tiempo conservamos tus datos?<\/p>\n<p>5.- \u00bfA quien se ceden tus datos?<\/p>\n<p>6.- \u00bfCu\u00e1les son los derechos que te pertenecen cuando nos facilitas tus datos?<\/p>\n<p>7.- \u00bfQu\u00e9 pasa si hacemos cambios en la Pol\u00edtica de Privacidad?<\/p>\n<p>8.- \u00bfQu\u00e9 medidas de seguridad se aplican?<\/p>\n<p><strong>2.- RESPONSABLE DE TRATAMIENTO DE LOS DATOS PERSONALES. <\/strong><\/p>\n<p>El responsable del tratamiento de los datos personales es:<\/p>\n<p>Xammar Ortodoncia SL., con CIF B25257759, con domicilio en C\/Marques de Montoliu, 2, 43002, Tarragona, tel\u00e9fono;977112200, email; lopd@ziving.com tiene la condici\u00f3n de responsable de tratamiento de los datos del usuario y informa que estos datos ser\u00e1n tratados con las finalidades detalladas a continuaci\u00f3n.<\/p>\n<p>El responsable de tratamiento de los datos, se compromete a tratar los datos personales de los usuarios respetando siempre las disposiciones establecidas por el Reglamento (UE) 2016\/679 de 27 de abril de 2016 (RGDPR) y en base a la Ley 34\/2002 de Servicios de la Sociedad de la Informaci\u00f3n y de Comercio Electr\u00f3nico (LSSICE).<\/p>\n<p><strong>3.- FINALIDAD DE TRATAMIENTO DE LOS DATOS PERSONALES.<\/strong><\/p>\n<p><strong>\u00a0<\/strong>Las finalidades con las que vamos a tratar sus datos personales ser\u00e1n la siguientes, dependiendo del motivo por el cual se recaban los datos en cuesti\u00f3n:<\/p>\n<table>\n<tbody>\n<tr>\n<td width=\"212\"><strong>Tipo de tratamiento<\/strong><\/td>\n<td width=\"212\"><strong>Finalidad de tratamiento<\/strong><\/td>\n<\/tr>\n<tr>\n<td width=\"212\">&nbsp;<\/p>\n<p>Contactar con nosotros<\/td>\n<td width=\"212\">Sus datos personales ser\u00e1n tratados \u00fanica y exclusivamente para poder atender su petici\u00f3n, duda o consulta a trav\u00e9s del mismo medio a trav\u00e9s del cual se realiza la consulta.<\/p>\n<p><u>Categor\u00edas de datos<\/u>: nombre y apellidos, direcci\u00f3n de correo electr\u00f3nico, tel\u00e9fono y alguna otra informaci\u00f3n aportada por el solicitante de informaci\u00f3n.<\/td>\n<\/tr>\n<tr>\n<td width=\"212\">&nbsp;<\/p>\n<p>&nbsp;<\/p>\n<p>Pide tu cita<\/td>\n<td width=\"212\">Sus datos personales ser\u00e1n tratados \u00fanica y exclusivamente para poder darle una cita atendiendo as\u00ed sus necesidades, a trav\u00e9s del mismo medio por el cual se realiza la petici\u00f3n.<\/p>\n<p><u>Categor\u00edas de datos<\/u>: nombre y apellidos, direcci\u00f3n de correo electr\u00f3nico, tel\u00e9fono y alguna otra informaci\u00f3n aportada por el solicitante de la cita.<\/td>\n<\/tr>\n<tr>\n<td width=\"212\">&nbsp;<\/p>\n<p>&nbsp;<\/p>\n<p>&nbsp;<\/p>\n<p>&nbsp;<\/p>\n<p>Curriculum Vitae (CV)<\/p>\n<p>&nbsp;<\/td>\n<td width=\"212\">Sus datos personales ser\u00e1n tratados \u00fanica y exclusivamente con la finalidad de tener en cuenta su perfil en procesos de selecci\u00f3n para lugares vacantes o de nueva creaci\u00f3n que peri\u00f3dicamente se originen.<\/p>\n<p><u>Categor\u00edas de datos<\/u>: nombre y apellidos, DNI\/NIE, domicilio, direcci\u00f3n de correo electr\u00f3nico, tel\u00e9fono, y alguna otra informaci\u00f3n aportada por el candidato a futuros procesos de selecci\u00f3n de personal.<\/td>\n<\/tr>\n<tr>\n<td width=\"212\">&nbsp;<\/p>\n<p>&nbsp;<\/p>\n<p>&nbsp;<\/p>\n<p>&nbsp;<\/p>\n<p>&nbsp;<\/p>\n<p>&nbsp;<\/p>\n<p>&nbsp;<\/p>\n<p>Prestaci\u00f3n servicios buco-dentales<\/td>\n<td width=\"212\">Sus datos personales ser\u00e1n tratados \u00fanica y exclusivamente con la finalidad de prestar los servicios buco-dentales que usted precise en cada momento. Asimismo, tambi\u00e9n podr\u00e1n ser utilizados para remitirles comunicaciones comerciales relacionadas con los servicios contratados.<\/p>\n<p><u>Categor\u00edas de datos<\/u>: nombre y apellidos, DNI\/NIE, domicilio, direcci\u00f3n de correo electr\u00f3nico, tel\u00e9fono, datos sobre su salud buco-dental, y alguna otra informaci\u00f3n necesaria para la prestaci\u00f3n de servicios.<\/p>\n<p>&nbsp;<\/td>\n<\/tr>\n<\/tbody>\n<\/table>\n<p><strong>4.- BASE LEG\u00cdTIMA PARA LA LICITUD DEL TRATAMIENTO DE LOS DATOS PERSONALES. <\/strong><\/p>\n<p>A continuaci\u00f3n, les indicamos la base que legitima a Xammar Ortodoncia SL. para cada tratamiento de sus datos:<\/p>\n<table>\n<tbody>\n<tr>\n<td width=\"212\"><strong>Tratamientos de los datos <\/strong><\/td>\n<td width=\"212\"><strong>Base leg\u00edtima para el tratamiento <\/strong><\/td>\n<\/tr>\n<tr>\n<td width=\"212\">&nbsp;<\/p>\n<p>Formulario de contactar con nosotros<\/td>\n<td width=\"212\">Consentimiento inequ\u00edvoco como consecuencia del contacto o consulta realizada por la persona interesada. (Art\u00edculo 6.1.a del RGPD).<\/td>\n<\/tr>\n<tr>\n<td width=\"212\">&nbsp;<\/p>\n<p>Pide tu cita<\/td>\n<td width=\"212\">Consentimiento inequ\u00edvoco como consecuencia de la solicitud de una cita con nuestra cl\u00ednica. (Art\u00edculo 6.1.a del RGPD).<\/td>\n<\/tr>\n<tr>\n<td width=\"212\">&nbsp;<\/p>\n<p>Curriculum Vitae (CV)<\/p>\n<p>&nbsp;<\/td>\n<td width=\"212\">Consentimiento inequ\u00edvoco como consecuencia de la entrega de su CV para futuros procesos de selecci\u00f3n. (Art\u00edculo 6.1.a del RGPD).<\/td>\n<\/tr>\n<tr>\n<td width=\"212\">&nbsp;<\/p>\n<p>Prestaci\u00f3n servicios buco-dentales<\/td>\n<td width=\"212\">Consentimiento expreso prestado por el cliente para poder prestarle los servicios buco-dentales contratados\/solicitados. (Art\u00edculo 6.1.a del RGPD).<\/td>\n<\/tr>\n<\/tbody>\n<\/table>\n<p>&nbsp;<\/p>\n<p>El usuario est\u00e1 obligado a garantizar que los datos personales facilitados al responsable son veraces y se hace responsable de comunicar cualquier modificaci\u00f3n de los mismos.<\/p>\n<p>El consentimiento que preste el usuario, se considera libre, espec\u00edfico, informado e inequ\u00edvoco, ya que tras la lectura de la presente Pol\u00edtica de Privacidad el usuario queda totalmente informado sobre nuestras condiciones de tratamiento de los datos personales del usuario.<\/p>\n<p><strong>5.- TIEMPO DE CONSERVACI\u00d3N DE LOS DATOS.<\/strong><\/p>\n<p><strong>\u00a0<\/strong>El tiempo de conservaci\u00f3n de los datos seg\u00fan los tratamientos, ser\u00e1 el siguiente:<\/p>\n<table>\n<tbody>\n<tr>\n<td width=\"212\"><strong>Tratamientos de los datos <\/strong><\/td>\n<td width=\"212\"><strong>Tiempo de conservaci\u00f3n de los datos <\/strong><\/td>\n<\/tr>\n<tr>\n<td width=\"212\">&nbsp;<\/p>\n<p>Formulario de contactar con nosotros<\/td>\n<td width=\"212\">Los datos se conservar\u00e1n \u00fanicamente para la relaci\u00f3n y el intercambio de informaci\u00f3n, iniciado con la consulta. Una vez finalizada la consulta, ser\u00e1n eliminados.<\/p>\n<p>&nbsp;<\/td>\n<\/tr>\n<tr>\n<td width=\"212\">&nbsp;<\/p>\n<p>&nbsp;<\/p>\n<p>&nbsp;<\/p>\n<p>Pide tu cita<\/td>\n<td width=\"212\">Los datos se conservar\u00e1n \u00fanicamente para la concesi\u00f3n de la cita y resoluci\u00f3n de dudas que pueda tener el cliente. Una vez concretada la cita, y dependiendo de si es necesario alg\u00fan tratamiento buco-dental; o bien, se conservar\u00e1n los datos por el tiempo de duraci\u00f3n de la prestaci\u00f3n de los servicios o, de no ser necesario ning\u00fan tratamiento, los datos en cuesti\u00f3n ser\u00e1n eliminados.<\/p>\n<p>&nbsp;<\/td>\n<\/tr>\n<tr>\n<td width=\"212\">&nbsp;<\/p>\n<p>&nbsp;<\/p>\n<p>Curriculum Vitae (CV)<\/p>\n<p>&nbsp;<\/td>\n<td width=\"212\">Los datos se conservar\u00e1n \u00fanicamente para futuros procesos de selecci\u00f3n o vacantes, durante un plazo de 2 a\u00f1os, despu\u00e9s del cual, procederemos a su eliminaci\u00f3n, excepto que su deseo sea conservarlo. Deseo que tendr\u00e1 que ser especificado expresamente. <em>\u00a0<\/em><\/p>\n<p>&nbsp;<\/td>\n<\/tr>\n<tr>\n<td width=\"212\">&nbsp;<\/p>\n<p>&nbsp;<\/p>\n<p>Prestaci\u00f3n servicios buco-dentales<\/td>\n<td width=\"212\">Los datos se conservar\u00e1n durante el tiempo estrictamente necesario para la correcta prestaci\u00f3n de los servicios buco-dentales encomendados por el cliente.<\/p>\n<p>&nbsp;<\/td>\n<\/tr>\n<\/tbody>\n<\/table>\n<p><strong>6.- CESI\u00d3N DE LOS DATOS. <\/strong><\/p>\n<p>Con car\u00e1cter general, los datos personales del usuario no ser\u00e1n cedidos en ning\u00fan caso, excepto que as\u00ed se requiera por obligaci\u00f3n legal al respecto.<\/p>\n<p><strong>7.- DERECHOS DE LOS USUARIOS <\/strong><\/p>\n<p>El usuario podr\u00e1 ejercitar en todo momento, en los t\u00e9rminos establecidos en la legislaci\u00f3n vigente, los derechos de acceso, rectificaci\u00f3n o supresi\u00f3n de datos, solicitar que se limite el tratamiento, oponerse al mismo, solicitar la portabilidad de sus datos, as\u00ed como revocar el consentimiento prestado, derechos reconocidos en el citado <a href=\"http:\/\/app.vlex.com\/#vid\/637528825\">Reglamento (UE)<\/a>.<\/p>\n<p>Independientemente de la finalidad o de la base legal en virtud de la que tenemos sus datos, usted tiene derecho a:<\/p>\n<ul>\n<li>Solicitar <strong><u>acceso<\/u><\/strong> a sus datos personales que estamos tratando, para informarse sobre la finalidad del tratamiento, los destinatarios de estos datos, la cesi\u00f3n, el plazo de conservaci\u00f3n, el origen de la informaci\u00f3n si no se ha obtenido directamente por el usuario, la existencia de decisiones informatizadas, etc. (<strong><em>Derecho de acceso<\/em><\/strong>).<\/li>\n<li>Solicitar la <strong><u>rectificaci\u00f3n<\/u><\/strong> de los datos personales inexactos o incompletos que obran en disposici\u00f3n del responsable. Se deber\u00e1 justificar que datos son los referidos y su correcci\u00f3n, aportando documentaci\u00f3n justificativa de la rectificaci\u00f3n que se solicita. <strong><em>(Derecho de rectificaci\u00f3n).<\/em><\/strong><\/li>\n<li>Se podr\u00e1 <strong><u>oponer<\/u><\/strong> el tratamiento de los datos personales o cese de los mismos, siempre que no sea necesario su consentimiento, cuando los ficheros se usen con finalidades publicitarias, etc.<strong><em> (Derecho de oposici\u00f3n).<\/em><\/strong><\/li>\n<li>Solicitar que <strong><u>suprimamos<\/u><\/strong> sus datos personales recabados a trav\u00e9s de su consentimiento expreso, que ya no sean necesarios para la finalidad que se facilitaron, o cuando ya no contemos con legitimaci\u00f3n para hacerlo. <strong><em>(Derecho de supresi\u00f3n y Derecho al olvido).<\/em><\/strong><\/li>\n<li>Solicitar al responsable que se le faciliten los datos personales en un formato estructurado y claro a otro responsable. <strong><em>(Derecho de portabilidad de los datos).<\/em><\/strong><\/li>\n<\/ul>\n<p>El ejercicio de estos derechos puede realizarlo el propio usuario dirigi\u00e9ndose a Xammar Ortodoncia, S.L., en la direcci\u00f3n de su sede social indicada anteriormente; a trav\u00e9s del env\u00edo de un correo electr\u00f3nico a la siguiente direcci\u00f3n; lopd@ziving.com o a la direcci\u00f3n postal siguiente: C\/Marques de Montoliu, 2, 43002, Tarragona<\/p>\n<p>Para el efectivo ejercicio de estos derechos, el usuario deber\u00e1 acreditar su identidad facilitando su nombre y apellidos, fotocopia del DNI o documento identificativo equivalente que acredite su identidad, petici\u00f3n en la que se concrete la solicitud, direcci\u00f3n a efectos de notificaciones, y fecha y firma del solicitante.<\/p>\n<p>Asimismo, el usuario podr\u00e1 reclamar ante la Agencia Espa\u00f1ola de Protecci\u00f3n de Datos (Autoridad de Control competente en esta materia), especialmente cuando no haya obtenido satisfacci\u00f3n en el ejercicio de sus derechos, mediante escrito dirigido a misma, C\/Jorge Juan, n\u00ba 6, 28001 &#8211; Madrid, o a trav\u00e9s de la web: <a href=\"https:\/\/www.agpd.es\">https:\/\/www.agpd.es<\/a><\/p>\n<p><strong>8.- MODIFICACIONES DE LA POL\u00cdTICA DE PRIVACIDAD.\u00a0 <\/strong><\/p>\n<p>La presente Pol\u00edtica de Privacidad, puede sufrir algunas modificaciones al largo del tiempo, con motivo de adaptarla a cambios que se produzcan en nuestra web, as\u00ed como modificaciones legislativas o jurisprudenciales, por ello le recomendamos que, vaya revisando dichos cambios por si quiere darse de baja de alg\u00fan servicio o funcionalidad.<\/p>\n<p><strong>9.- MEDIDAS DE SEGURIDAD. <\/strong><\/p>\n<p>La informaci\u00f3n personal recabada de los usuarios registrados es almacenada por la empresa, que asume las medidas t\u00e9cnicas, organizativas y de seguridad adecuadas para garantizar la confidencialidad e integridad de la informaci\u00f3n de acuerdo con lo establecido en la legislaci\u00f3n.<\/p>","protected":false},"excerpt":{"rendered":"<p>Esta Pol\u00edtica de Privacidad de Ziving Tarragona., describe las pr\u00e1cticas de la asociaci\u00f3n, en relaci\u00f3n con el cumplimiento del Reglamento 2016\/679 del parlamento europeo y del consejo de 27 de&#8230;<\/p>","protected":false},"author":1,"featured_media":0,"parent":0,"menu_order":0,"comment_status":"closed","ping_status":"closed","template":"","meta":{"_joinchat":[],"footnotes":""},"class_list":["post-6495","page","type-page","status-publish"],"_links":{"self":[{"href":"https:\/\/ziving.com\/ca\/wp-json\/wp\/v2\/pages\/6495","targetHints":{"allow":["GET"]}}],"collection":[{"href":"https:\/\/ziving.com\/ca\/wp-json\/wp\/v2\/pages"}],"about":[{"href":"https:\/\/ziving.com\/ca\/wp-json\/wp\/v2\/types\/page"}],"author":[{"embeddable":true,"href":"https:\/\/ziving.com\/ca\/wp-json\/wp\/v2\/users\/1"}],"replies":[{"embeddable":true,"href":"https:\/\/ziving.com\/ca\/wp-json\/wp\/v2\/comments?post=6495"}],"version-history":[{"count":1,"href":"https:\/\/ziving.com\/ca\/wp-json\/wp\/v2\/pages\/6495\/revisions"}],"predecessor-version":[{"id":6496,"href":"https:\/\/ziving.com\/ca\/wp-json\/wp\/v2\/pages\/6495\/revisions\/6496"}],"wp:attachment":[{"href":"https:\/\/ziving.com\/ca\/wp-json\/wp\/v2\/media?parent=6495"}],"curies":[{"name":"wp","href":"https:\/\/api.w.org\/{rel}","templated":true}]}}