{"id":2044,"date":"2020-07-13T08:48:27","date_gmt":"2020-07-13T07:48:27","guid":{"rendered":"https:\/\/zivingonline.com\/?page_id=2044"},"modified":"2025-10-20T12:45:01","modified_gmt":"2025-10-20T11:45:01","slug":"ortodoncia-0-a-5-anos","status":"publish","type":"page","link":"https:\/\/ziving.com\/en\/ortodoncia-0-a-5-anos\/","title":{"rendered":"Orthodontics 0-5 years"},"content":{"rendered":"\n\t\t<div id=\"fws_69e1679aea14c\"  data-column-margin=\"default\" data-midnight=\"dark\" data-top-percent=\"12%\" data-bottom-percent=\"7%\"  class=\"wpb_row vc_row-fluid vc_row full-width-section\"  style=\"padding-top: calc(100vw * 0.12); padding-bottom: calc(100vw * 0.07); \"><div class=\"row-bg-wrap\" data-bg-animation=\"none\" data-bg-animation-delay=\"\" data-bg-overlay=\"false\"><div class=\"inner-wrap row-bg-layer using-image\" ><div class=\"row-bg viewport-desktop using-image\"  style=\"background-image: url(https:\/\/ziving.com\/wp-content\/uploads\/2020\/07\/delighted-boy-in-comfortable-armchair-at-home-3771511-min-scaled-e1595255791455.jpg); background-position: center top; background-repeat: no-repeat; \"><\/div><\/div><\/div><div class=\"nectar-shape-divider-wrap no-color \" style=\" height:40px;\"  data-height=\"40\" data-front=\"\" data-style=\"curve_opacity\" data-position=\"bottom\" ><svg class=\"nectar-shape-divider\" fill=\"\" xmlns=\"http:\/\/www.w3.org\/2000\/svg\" viewBox=\"0 0 1000 100\" preserveAspectRatio=\"none\"> <path d=\"M 0 14 s 88.64 3.48 300 36 c 260 40 514 27 703 -10 l 12 28 l 3 36 h -1018 z\"><\/path> <path d=\"M 0 45 s 271 45.13 500 32 c 157 -9 330 -47 515 -63 v 86 h -1015 z\"><\/path> <path d=\"M 0 58 s 188.29 32 508 32 c 290 0 494 -35 494 -35 v 45 h -1002 z\"><\/path> <\/svg><\/div><div class=\"row_col_wrap_12 col span_12 dark left\">\n\t<div  class=\"vc_col-sm-12 wpb_column column_container vc_column_container col centered-text no-extra-padding inherit_tablet inherit_phone \"  data-padding-pos=\"all\" data-has-bg-color=\"false\" data-bg-color=\"\" data-bg-opacity=\"1\" data-animation=\"\" data-delay=\"0\" >\n\t\t<div class=\"vc_column-inner\" >\n\t\t\t<div class=\"wpb_wrapper\">\n\t\t\t\t<div class=\"nectar-highlighted-text\" data-style=\"half_text\" data-exp=\"default\" data-user-color=\"true\" style=\"color: #ffffff;\" data-using-custom-color=\"true\" data-animation-delay=\"400\" data-color=\"#86ba40\" data-color-gradient=\"rgba(255,255,255,0.01)\" style=\"\"><h2>Como es la boca de tu hijo de <em>0 a 5 a\u00f1os<\/em><\/h2>\n<\/div>\n\t\t\t<\/div> \n\t\t<\/div>\n\t<\/div> \n<\/div><\/div>\n\t\t<div id=\"fws_69e1679aea861\"  data-column-margin=\"default\" data-midnight=\"dark\" data-top-percent=\"5%\" data-bottom-percent=\"3%\"  class=\"wpb_row vc_row-fluid vc_row full-width-content vc_row-o-equal-height vc_row-flex vc_row-o-content-middle  right_padding_10pct left_padding_10pct right_padding_phone_0pct left_padding_phone_0pct\"  style=\"padding-top: calc(100vw * 0.05); padding-bottom: calc(100vw * 0.03); \"><div class=\"row-bg-wrap\" data-bg-animation=\"none\" data-bg-animation-delay=\"\" data-bg-overlay=\"false\"><div class=\"inner-wrap row-bg-layer\" ><div class=\"row-bg viewport-desktop\"  style=\"\"><\/div><\/div><\/div><div class=\"row_col_wrap_12 col span_12 dark left\">\n\t<div  class=\"vc_col-sm-6 wpb_column column_container vc_column_container col no-extra-padding inherit_tablet padding-4-percent_phone \"  data-padding-pos=\"left-right\" data-has-bg-color=\"false\" data-bg-color=\"\" data-bg-opacity=\"1\" data-animation=\"\" data-delay=\"0\" >\n\t\t<div class=\"vc_column-inner\" >\n\t\t\t<div class=\"wpb_wrapper\">\n\t\t\t\t<div class=\"nectar-highlighted-text font_size_6vh \" data-style=\"half_text\" data-exp=\"default\" data-using-custom-color=\"true\" data-animation-delay=\"400\" data-color=\"#ff0099\" data-color-gradient=\"#ffffff\" style=\"\"><h2>La normalidad en<\/h2>\n<h2>los ni\u00f1os de <em>0 a 5 a\u00f1os<\/em><\/h2>\n<\/div>\n<div class=\"wpb_text_column wpb_content_element \" >\n\t<p>Felicidades! tu hijo esta creciendo y empiezan a salir, hacia los 6-8 meses de edad, los primeros dientes de leche. A los dos a\u00f1os se completa la primera dentici\u00f3n. Es normal que coincidiendo con la erupci\u00f3n de alg\u00fan diente pueda tener molestias, alg\u00fan d\u00eda de descomposici\u00f3n o incluso alguna d\u00e9cima de fiebre.<\/p>\n<\/div>\n\n\n\n\n\t\t\t<\/div> \n\t\t<\/div>\n\t<\/div> \n\n\t<div  class=\"vc_col-sm-6 wpb_column column_container vc_column_container col centered-text padding-4-percent inherit_tablet no-extra-padding_phone \"  data-padding-pos=\"left\" data-has-bg-color=\"false\" data-bg-color=\"\" data-bg-opacity=\"1\" data-animation=\"\" data-delay=\"0\" >\n\t\t<div class=\"vc_column-inner\" >\n\t\t\t<div class=\"wpb_wrapper\">\n\t\t\t\t\n<div class=\"wpb_text_column wpb_content_element \" >\n\t<p>La primera dentici\u00f3n permitir\u00e1 a nuestro peque\u00f1o funciones tan importantes como la masticaci\u00f3n de alimentos s\u00f3lidos. El \u00e1rea de la boca y la nariz participa tambi\u00e9n en la respiraci\u00f3n, la degluci\u00f3n y el habla. Por eso es fundamental controlar y mantener una boca sana desde las primeras etapas.<\/p>\n<\/div>\n\n\n\n\n\t\t\t<\/div> \n\t\t<\/div>\n\t<\/div> \n<\/div><\/div>\n\t\t<div id=\"fws_69e1679aeb159\"  data-column-margin=\"default\" data-midnight=\"dark\" data-top-percent=\"6%\" data-bottom-percent=\"1%\"  class=\"wpb_row vc_row-fluid vc_row full-width-section vc_row-o-equal-height vc_row-flex vc_row-o-content-middle\"  style=\"padding-top: calc(100vw * 0.06); padding-bottom: calc(100vw * 0.01); \"><div class=\"row-bg-wrap\" data-bg-animation=\"none\" data-bg-animation-delay=\"\" data-bg-overlay=\"true\"><div class=\"inner-wrap row-bg-layer\" ><div class=\"row-bg viewport-desktop\"  style=\"\"><\/div><\/div><div class=\"row-bg-overlay row-bg-layer\" style=\"background-color:#eaf1fd;  opacity: 1; \"><\/div><\/div><div class=\"nectar-shape-divider-wrap no-color \" style=\" height:30px;\"  data-height=\"30\" data-front=\"\" data-style=\"curve_opacity\" data-position=\"top\" ><svg class=\"nectar-shape-divider\" fill=\"\" xmlns=\"http:\/\/www.w3.org\/2000\/svg\" viewBox=\"0 0 1000 100\" preserveAspectRatio=\"none\"> <path d=\"M 0 14 s 88.64 3.48 300 36 c 260 40 514 27 703 -10 l 12 28 l 3 36 h -1018 z\"><\/path> <path d=\"M 0 45 s 271 45.13 500 32 c 157 -9 330 -47 515 -63 v 86 h -1015 z\"><\/path> <path d=\"M 0 58 s 188.29 32 508 32 c 290 0 494 -35 494 -35 v 45 h -1002 z\"><\/path> <\/svg><\/div><div class=\"nectar-shape-divider-wrap no-color \" style=\" height:30px;\"  data-height=\"30\" data-front=\"\" data-style=\"curve_opacity\" data-position=\"bottom\" ><svg class=\"nectar-shape-divider\" fill=\"\" xmlns=\"http:\/\/www.w3.org\/2000\/svg\" viewBox=\"0 0 1000 100\" preserveAspectRatio=\"none\"> <path d=\"M 0 14 s 88.64 3.48 300 36 c 260 40 514 27 703 -10 l 12 28 l 3 36 h -1018 z\"><\/path> <path d=\"M 0 45 s 271 45.13 500 32 c 157 -9 330 -47 515 -63 v 86 h -1015 z\"><\/path> <path d=\"M 0 58 s 188.29 32 508 32 c 290 0 494 -35 494 -35 v 45 h -1002 z\"><\/path> <\/svg><\/div><div class=\"row_col_wrap_12 col span_12 dark left\">\n\t<div  class=\"vc_col-sm-12 wpb_column column_container vc_column_container col no-extra-padding inherit_tablet inherit_phone \"  data-padding-pos=\"right\" data-has-bg-color=\"false\" data-bg-color=\"\" data-bg-opacity=\"1\" data-animation=\"\" data-delay=\"0\" >\n\t\t<div class=\"vc_column-inner\" >\n\t\t\t<div class=\"wpb_wrapper\">\n\t\t\t\t<div id=\"fws_69e1679aeb54c\" data-midnight=\"\" data-column-margin=\"default\" class=\"wpb_row vc_row-fluid vc_row inner_row  right_padding_3pct left_padding_3pct\"  style=\"padding-bottom: 2%; \"><div class=\"row-bg-wrap\"> <div class=\"row-bg\" ><\/div> <\/div><div class=\"row_col_wrap_12_inner col span_12  left\">\n\t<div  class=\"vc_col-sm-4 wpb_column column_container vc_column_container col child_column no-extra-padding inherit_tablet inherit_phone \"   data-padding-pos=\"all\" data-has-bg-color=\"false\" data-bg-color=\"\" data-bg-opacity=\"1\" data-animation=\"\" data-delay=\"0\" >\n\t\t<div class=\"vc_column-inner\" >\n\t\t<div class=\"wpb_wrapper\">\n\t\t\t<div class=\"nectar-highlighted-text font_size_5vh \" data-style=\"half_text\" data-exp=\"default\" data-using-custom-color=\"true\" data-animation-delay=\"150\" data-color=\"#ff0099\" data-color-gradient=\"rgba(255,255,255,0.01)\" style=\"\"><h2>Nuestras <em>soluciones<\/em> para tu hijo<\/h2>\n<h2>de los 0 a 5 a\u00f1os<\/h2>\n<\/div><div class=\"nectar-fancy-box using-img \" style=\"min-height: 100px\" data-style=\"hover_desc\" data-border-radius=\"10px\" data-animation=\"\" data-bg-animation=\"long_zoom\" data-border=\"\" data-delay=\"\" data-alignment=\"left\" data-color=\"accent-color\" ><div class=\"box-bg\" role=\"presentation\"  data-nectar-img-src=\"https:\/\/ziving.com\/wp-content\/uploads\/2020\/07\/odontopediatria-scaled.jpg\"><\/div><div class=\"inner\"><div class=\"heading-wrap\">\n<h3>Odontopediatr\u00eda<\/h3>\n<\/div><div class=\"hover-content\">Cuida la salud dental de los m\u00e1s peque\u00f1os<\/div><\/div>  <a  href=\"\/odontopediatria\" class=\"box-link\"><\/a> <\/div>\n\t\t<\/div> \n\t<\/div>\n\t<\/div> \n\n\t<div  class=\"vc_col-sm-8 wpb_column column_container vc_column_container col child_column no-extra-padding inherit_tablet inherit_phone \"   data-padding-pos=\"all\" data-has-bg-color=\"false\" data-bg-color=\"\" data-bg-opacity=\"1\" data-animation=\"\" data-delay=\"0\" >\n\t\t<div class=\"vc_column-inner\" >\n\t\t<div class=\"wpb_wrapper\">\n\t\t\t\n<div class=\"wpb_text_column wpb_content_element \" >\n\t<p>A esta edad lo importante es <strong>empezar a sentar las bases de una buena salud bucal<\/strong>. Nuestros objetivos ser\u00e1n cuidar de la alimentaci\u00f3n evitando az\u00facares y limpiar estos primeros dientes. En las primeras etapas con la ayuda de mam\u00e1 y hacia los <strong>dos a\u00f1os introduciendo el cepillo<\/strong> dental con un dent\u00edfrico infantil (con base de fl\u00faor).<\/p>\n<p>Este es un buen momento para una primera revisi\u00f3n bucal con el odontopediatra (dentista de ni\u00f1os). Nos ayudara a evitar la caries y nos dar\u00e1 una primera orientaci\u00f3n acerca de posibles alteraciones en la formaci\u00f3n bucal.<\/p>\n<\/div>\n\n\n\n\n\t\t<\/div> \n\t<\/div>\n\t<\/div> \n<\/div><\/div>\n\t\t\t<\/div> \n\t\t<\/div>\n\t<\/div> \n<\/div><\/div>\n\t\t<div id=\"fws_69e1679aec128\"  data-column-margin=\"default\" data-midnight=\"dark\" data-top-percent=\"6%\" data-bottom-percent=\"6%\"  class=\"wpb_row vc_row-fluid vc_row full-width-section vc_row-o-equal-height vc_row-flex\"  style=\"padding-top: calc(100vw * 0.06); padding-bottom: calc(100vw * 0.06); \"><div class=\"row-bg-wrap\" data-bg-animation=\"none\" data-bg-animation-delay=\"\" data-bg-overlay=\"false\"><div class=\"inner-wrap row-bg-layer\" ><div class=\"row-bg viewport-desktop\"  style=\"\"><\/div><\/div><\/div><div class=\"nectar-shape-divider-wrap no-color \" style=\" height:10px;\"  data-height=\"10\" data-front=\"\" data-style=\"curve_opacity\" data-position=\"bottom\" ><svg class=\"nectar-shape-divider\" fill=\"\" xmlns=\"http:\/\/www.w3.org\/2000\/svg\" viewBox=\"0 0 1000 100\" preserveAspectRatio=\"none\"> <path d=\"M 0 14 s 88.64 3.48 300 36 c 260 40 514 27 703 -10 l 12 28 l 3 36 h -1018 z\"><\/path> <path d=\"M 0 45 s 271 45.13 500 32 c 157 -9 330 -47 515 -63 v 86 h -1015 z\"><\/path> <path d=\"M 0 58 s 188.29 32 508 32 c 290 0 494 -35 494 -35 v 45 h -1002 z\"><\/path> <\/svg><\/div><div class=\"row_col_wrap_12 col span_12 dark left\">\n\t<div  class=\"vc_col-sm-4 wpb_column column_container vc_column_container col no-extra-padding inherit_tablet inherit_phone \"  data-padding-pos=\"all\" data-has-bg-color=\"false\" data-bg-color=\"\" data-bg-opacity=\"1\" data-animation=\"\" data-delay=\"0\" >\n\t\t<div class=\"vc_column-inner\" >\n\t\t\t<div class=\"wpb_wrapper\">\n\t\t\t\t<div class=\"nectar-highlighted-text font_size_6vh \" data-style=\"half_text\" data-exp=\"default\" data-using-custom-color=\"true\" data-animation-delay=\"400\" data-color=\"#ff0099\" data-color-gradient=\"#ffffff\" style=\"\"><h2>Localiza tu Ziving m\u00e1s <em>cercano<\/em><\/h2>\n<\/div><div class=\"divider-wrap\" data-alignment=\"default\"><div style=\"height: 20px;\" class=\"divider\"><\/div><\/div><div id=\"fws_69e1679aec630\" data-midnight=\"\" data-column-margin=\"default\" class=\"wpb_row vc_row-fluid vc_row inner_row linkrosa\"  style=\"\"><div class=\"row-bg-wrap\"> <div class=\"row-bg\" ><\/div> <\/div><div class=\"row_col_wrap_12_inner col span_12  left\">\n\t<div  class=\"vc_col-sm-6 vc_col-xs-6 wpb_column column_container vc_column_container col child_column no-extra-padding inherit_tablet inherit_phone \"   data-padding-pos=\"all\" data-has-bg-color=\"false\" data-bg-color=\"\" data-bg-opacity=\"1\" data-animation=\"\" data-delay=\"0\" >\n\t\t<div class=\"vc_column-inner\" >\n\t\t<div class=\"wpb_wrapper\">\n\t\t\t<div class=\"nectar-fancy-ul\" data-list-icon=\"icon-salient-thin-line\" data-animation=\"true\" data-animation-delay=\"150\" data-color=\"extra-color-1\" data-spacing=\"default\" data-alignment=\"left\"> \n<ul>\n<li><a href=\"\/ortodoncia-inca\">Inca<\/a><\/li>\n<li><a href=\"\/ortodoncia-las-palmas\">Las Palmas<\/a><\/li>\n<li><a href=\"\/ortodoncia-lleida\">Lleida<\/a><\/li>\n<li><a href=\"\/ortodoncia-palma-de-mallorca\/\">Palma de Mallorca<\/a><\/li>\n<\/ul>\n <\/div>\n\t\t<\/div> \n\t<\/div>\n\t<\/div> \n\n\t<div  class=\"vc_col-sm-6 vc_col-xs-6 wpb_column column_container vc_column_container col child_column no-extra-padding inherit_tablet inherit_phone \"   data-padding-pos=\"all\" data-has-bg-color=\"false\" data-bg-color=\"\" data-bg-opacity=\"1\" data-animation=\"\" data-delay=\"0\" >\n\t\t<div class=\"vc_column-inner\" >\n\t\t<div class=\"wpb_wrapper\">\n\t\t\t<div class=\"nectar-fancy-ul\" data-list-icon=\"icon-salient-thin-line\" data-animation=\"true\" data-animation-delay=\"150\" data-color=\"extra-color-1\" data-spacing=\"default\" data-alignment=\"left\"> \n<ul>\n<li><a href=\"\/ortodoncia-Sabadell\">Sabadell<\/a><\/li>\n<li><a href=\"\/ortodoncia-Tarragona\">Tarragona<\/a><\/li>\n<li><a href=\"\/ortodoncia-Torrent\">Torrent<\/a><\/li>\n<li><a href=\"\/ortodoncia-Valencia\">Valencia<\/a><\/li>\n<\/ul>\n <\/div>\n\t\t<\/div> \n\t<\/div>\n\t<\/div> \n<\/div><\/div>\n\t\t\t<\/div> \n\t\t<\/div>\n\t<\/div> \n\n\t<div  class=\"vc_col-sm-8 wpb_column column_container vc_column_container col no-extra-padding inherit_tablet inherit_phone \"  data-padding-pos=\"all\" data-has-bg-color=\"false\" data-bg-color=\"\" data-bg-opacity=\"1\" data-animation=\"\" data-delay=\"0\" >\n\t\t<div class=\"vc_column-inner\" >\n\t\t\t<div class=\"wpb_wrapper\">\n\t\t\t\t\n<div class=\"wpb_text_column wpb_content_element \" >\n\t<div id=\"locatoraid-form-container\"><div class=\"hc-mb3\"><form class=\"hcj2-observe hc-mb2 hclc_search_form_class\" id=\"hclc_search_form_440\" action=\"https:\/\/ziving.com\/index.php?hcs=locatoraid&amp;hcrand=4228&amp;hca=search%3Asearch%2F_SEARCH_%2Fproduct%2F_PRODUCT_%2Flat%2F_LAT_%2Flng%2F_LNG_%2Flimit%2F2000\" data-action=\"https:\/\/ziving.com\/index.php?hcs=locatoraid&amp;hcrand=4228&amp;hca=search%3Asearch%2F_SEARCH_%2Fproduct%2F_PRODUCT_%2Flat%2F_LAT_%2Flng%2F_LNG_%2Flimit%2F2000\" data-radius-link=\"https:\/\/ziving.com\/index.php?hcs=locatoraid&amp;hcrand=4228&amp;hca=search%2Fradius%3Asearch%2F_SEARCH_%2Fproduct%2F_PRODUCT_%2Flat%2F_LAT_%2Flng%2F_LNG_%2Flimit%2F2000%2Fradius%2F10_25_50_100_200_500\" data-start=\"\" data-locate=\"1\" onsubmit=\"return false;\" method=\"post\" accept-charset=\"utf-8\"><input type=\"hidden\" name=\"hc_nonce\" value=\"23859e7b7d\"\/><div style=\"display:none\"><input type=\"hidden\" name=\"hc-hc_csrf_token\" value=\"0f6995de1378755851ce5e3ab0cb2f7b\"\/><\/div><div><div class=\"hc-block\"><div id=\"locatoraid-search-form-inputs-button\"><div class=\"hc-clearfix hc-mxn2\"><div class=\"hc-col hc-col-8 hc-mb2 hc-px2\"><div id=\"locatoraid-search-form-inputs\"><div><div class=\"hc-block\"><div id=\"locatoraid-search-form-search\"><input type=\"text\" name=\"hc-search\" class=\"hc-field hc-xs-block hc-block\" style=\"margin:0;\" placeholder=\"Direcci\u00f3n o C\u00f3digo Postal\"\/><\/div><\/div><div class=\"hc-block hc-mt2\"><div id=\"locatoraid-search-form-locate\"><a href=\"#\" class=\"hcj2-locate-me\" id=\"locatoraid-search-form-locate-me\">Locate Me<\/a><\/div><\/div><div class=\"hc-block hc-mt2\"><div id=\"locatoraid-search-form-locate2\"><div class=\"hcj2-my-location\" id=\"locatoraid-search-form-my-location\" style=\"display: none;\">My Location<\/div><\/div><\/div><\/div><input type=\"hidden\" name=\"hc-locatelat\" id=\"locatoraid-search-form-lat\"\/><input type=\"hidden\" name=\"hc-locatelng\" id=\"locatoraid-search-form-lng\"\/><\/div><\/div><div class=\"hc-col hc-col-4 hc-mb2 hc-px2\"><div><input type=\"submit\" title=\"Buscar\" value=\"Buscar\" class=\"hc-block\" id=\"locatoraid-search-form-button\"\/><input type=\"button\" title=\"Reset\" value=\"Reset\" class=\"hc-block hcj2-reset-my-location\" id=\"locatoraid-search-form-reset-location\" style=\"display: none;\"\/><\/div><\/div><\/div><\/div><\/div><div class=\"hc-block hc-mt2\"><a class=\"hcj2-more-results\" id=\"locatoraid-search-more-results\" style=\"display: none; cursor: pointer;\">Mostrar M\u00e1s<\/a><\/div><\/div><\/form><\/div><\/div><div id=\"locatoraid-map-list-container\"><div id=\"hclc_map_230\" class=\"hclc_map_class hc-mb3-xs hc-border\" style=\"height: 400px; width: 100%;\" data-linktolist-label=\"\"><\/div><div id=\"hclc_map_230_template\" style=\"display: none;\">&lt;div class=&quot;hc-black hc-bg-lightsilver hc-p2 hc-rounded lpr-location lpr-location-inmap&quot;&gt;&lt;div class=&quot;hc-bold lpr-location-name&quot;&gt;{{=name}}&lt;\/div&gt;&lt;div class=&quot;hc-italic lpr-location-address&quot;&gt;{{=address}}&lt;\/div&gt;{{distance}}&lt;div class=&quot;hc-bold lpr-location-distance&quot;&gt;{{=distance}}&lt;\/div&gt;{{\/distance}}{{phone}}&lt;div class=&quot;lpr-location-phone&quot;&gt;&lt;div class=&quot;hc-inline-block hc-mr1 lpr-location-label&quot;&gt;Tel\u00e9fono&lt;\/div&gt;{{=phone}}&lt;\/div&gt;{{\/phone}}{{website}}&lt;div class=&quot;lpr-location-website&quot;&gt;{{=website}}&lt;\/div&gt;{{\/website}}{{directions}}&lt;div class=&quot;lpr-location-directions&quot;&gt;{{=directions}}&lt;\/div&gt;{{\/directions}}&lt;\/div&gt;<\/div><\/div><div style=\"margin: 1em auto; text-align: center; font-size: .7em; opacity: .5;\"><a target=\"_blank\" href=\"https:\/\/www.locatoraid.com\/\">Store locator plugin for WordPress<\/a> by Locatoraid<\/div>\n<\/div>\n\n\n\n\n\t\t\t<\/div> \n\t\t<\/div>\n\t<\/div> \n<\/div><\/div>\n\t\t<div id=\"fws_69e1679aedb96\"  data-column-margin=\"default\" data-midnight=\"dark\"  class=\"wpb_row vc_row-fluid vc_row escondidoenescritorio\"  style=\"padding-top: 0px; padding-bottom: 0px; \"><div class=\"row-bg-wrap\" data-bg-animation=\"none\" data-bg-animation-delay=\"\" data-bg-overlay=\"false\"><div class=\"inner-wrap row-bg-layer\" ><div class=\"row-bg viewport-desktop\"  style=\"\"><\/div><\/div><\/div><div class=\"row_col_wrap_12 col span_12 dark left\">\n\t<div  class=\"vc_col-sm-12 vc_hidden-lg vc_hidden-md vc_hidden-sm vc_hidden-xs wpb_column column_container vc_column_container col no-extra-padding inherit_tablet inherit_phone \"  data-padding-pos=\"all\" data-has-bg-color=\"false\" data-bg-color=\"\" data-bg-opacity=\"1\" data-animation=\"\" data-delay=\"0\" >\n\t\t<div class=\"vc_column-inner\" >\n\t\t\t<div class=\"wpb_wrapper\">\n\t\t\t\t\n\t<div class=\"wpb_raw_code wpb_raw_js\" >\n\t\t<div class=\"wpb_wrapper\">\n\t\t\t<script> document.getElementById(\"locatoraid-search-form-button\").className = document.getElementById(\"locatoraid-search-form-button\").className.replace(new RegExp('(?:^|\\\\s)'+ 'hc-block' + '(?:\\\\s|$)'), ' '); <\/script>\n\t\t<\/div>\n\t<\/div>\n\n\t<div class=\"wpb_raw_code wpb_raw_js\" >\n\t\t<div class=\"wpb_wrapper\">\n\t\t\t<script> document.getElementsByName(\"hc-search\")[0].className = document.getElementsByName(\"hc-search\")[0].className.replace(new RegExp('(?:^|\\\\s)'+ 'hc-block' + '(?:\\\\s|$)'), ' '); <\/script>\n\t\t<\/div>\n\t<\/div>\n\n\t<div class=\"wpb_raw_code wpb_raw_js\" >\n\t\t<div class=\"wpb_wrapper\">\n\t\t\t<script> \n\ndocument.getElementById(\"locatoraid-search-form-search\").parentNode.className = document.getElementById(\"locatoraid-search-form-search\").parentNode.className.replace(new RegExp('(?:^|\\\\s)'+ 'hc-block' + '(?:\\\\s|$)'), ' '); <\/script>\n\t\t<\/div>\n\t<\/div>\n\n\t<div class=\"wpb_raw_code wpb_raw_js\" >\n\t\t<div class=\"wpb_wrapper\">\n\t\t\t<script> \n\ndocument.getElementById(\"locatoraid-search-more-results\").parentNode.className = document.getElementById(\"locatoraid-search-more-results\").parentNode.className.replace(new RegExp('(?:^|\\\\s)'+ 'hc-block' + '(?:\\\\s|$)'), ' '); <\/script>\n\t\t<\/div>\n\t<\/div>\n\n\t<div class=\"wpb_raw_code wpb_raw_js\" >\n\t\t<div class=\"wpb_wrapper\">\n\t\t\t<script>var locatoraidMapIcon = 'https:\/\/ziving.com\/wp-content\/uploads\/2020\/06\/here-b-1.png';<\/script>\n\t\t<\/div>\n\t<\/div>\n\n\t\t\t<\/div> \n\t\t<\/div>\n\t<\/div> \n<\/div><\/div>\n\t\t<div id=\"fws_69e1679aee318\"  data-column-margin=\"default\" data-midnight=\"light\" data-top-percent=\"4%\" data-bottom-percent=\"4%\"  class=\"wpb_row vc_row-fluid vc_row full-width-content has-row-bg-color vc_row-o-equal-height vc_row-flex vc_row-o-content-middle  right_padding_15pct left_padding_15pct\"  style=\"padding-top: calc(100vw * 0.04); padding-bottom: calc(100vw * 0.04); --row-bg-color: #ff4fb8;\"><div class=\"row-bg-wrap\" data-bg-animation=\"none\" data-bg-animation-delay=\"\" data-bg-overlay=\"true\"><div class=\"inner-wrap row-bg-layer\" ><div class=\"row-bg viewport-desktop using-bg-color\"  style=\"background-color: #ff4fb8; \"><\/div><\/div><div class=\"row-bg-overlay row-bg-layer\" style=\"background-color:#ff0099;  opacity: 0.8; \"><\/div><\/div><div class=\"nectar-shape-divider-wrap no-color \" style=\" height:15px;\"  data-height=\"15\" data-front=\"\" data-style=\"curve_opacity\" data-position=\"top\" ><svg class=\"nectar-shape-divider\" fill=\"\" xmlns=\"http:\/\/www.w3.org\/2000\/svg\" viewBox=\"0 0 1000 100\" preserveAspectRatio=\"none\"> <path d=\"M 0 14 s 88.64 3.48 300 36 c 260 40 514 27 703 -10 l 12 28 l 3 36 h -1018 z\"><\/path> <path d=\"M 0 45 s 271 45.13 500 32 c 157 -9 330 -47 515 -63 v 86 h -1015 z\"><\/path> <path d=\"M 0 58 s 188.29 32 508 32 c 290 0 494 -35 494 -35 v 45 h -1002 z\"><\/path> <\/svg><\/div><div class=\"row_col_wrap_12 col span_12 light left\">\n\t<div  class=\"vc_col-sm-5 wpb_column column_container vc_column_container col no-extra-padding force-tablet-text-align-center force-phone-text-align-center inherit_tablet inherit_phone \"  data-padding-pos=\"all\" data-has-bg-color=\"false\" data-bg-color=\"\" data-bg-opacity=\"1\" data-animation=\"\" data-delay=\"0\" >\n\t\t<div class=\"vc_column-inner\" >\n\t\t\t<div class=\"wpb_wrapper\">\n\t\t\t\t<div class=\"nectar-highlighted-text font_size_6vh \" data-style=\"half_text\" data-exp=\"default\" data-using-custom-color=\"true\" data-animation-delay=\"false\" data-color=\"#ff1053\" data-color-gradient=\"\" style=\"\"><h2>Mam\u00e1, resolvemos tus dudas<\/h2>\n<\/div>\n\t\t\t<\/div> \n\t\t<\/div>\n\t<\/div> \n\n\t<div  class=\"vc_col-sm-1 wpb_column column_container vc_column_container col no-extra-padding force-tablet-text-align-center force-phone-text-align-center inherit_tablet inherit_phone \"  data-padding-pos=\"all\" data-has-bg-color=\"false\" data-bg-color=\"\" data-bg-opacity=\"1\" data-animation=\"\" data-delay=\"0\" >\n\t\t<div class=\"vc_column-inner\" >\n\t\t\t<div class=\"wpb_wrapper\">\n\t\t\t\t\n\t\t\t<\/div> \n\t\t<\/div>\n\t<\/div> \n\n\t<div  class=\"vc_col-sm-6 wpb_column column_container vc_column_container col no-extra-padding force-tablet-text-align-center force-phone-text-align-center inherit_tablet inherit_phone \"  data-padding-pos=\"all\" data-has-bg-color=\"false\" data-bg-color=\"\" data-bg-opacity=\"1\" data-animation=\"\" data-delay=\"0\" >\n\t\t<div class=\"vc_column-inner\" >\n\t\t\t<div class=\"wpb_wrapper\">\n\t\t\t\t<div id=\"fws_69e1679aeeb74\" data-midnight=\"\" data-column-margin=\"default\" class=\"wpb_row vc_row-fluid vc_row inner_row\"  style=\"\"><div class=\"row-bg-wrap\"> <div class=\"row-bg\" ><\/div> <\/div><div class=\"row_col_wrap_12_inner col span_12  right\">\n\t<div  class=\"vc_col-sm-12 wpb_column column_container vc_column_container col child_column no-extra-padding inherit_tablet inherit_phone \"   data-padding-pos=\"all\" data-has-bg-color=\"false\" data-bg-color=\"\" data-bg-opacity=\"1\" data-animation=\"\" data-delay=\"0\" >\n\t\t<div class=\"vc_column-inner\" >\n\t\t<div class=\"wpb_wrapper\">\n\t\t\t<a class=\"nectar-button jumbo see-through-2  has-icon\"  role=\"button\" style=\"border-color: #ffffff; color: #ffffff;\"  href=\"https:\/\/ziving.com\/#contacto\" data-color-override=\"#ffffff\"  data-hover-color-override=\"#ffffff\" data-hover-text-color-override=\"#000000\"><span>Habla con nosotros<\/span><i  class=\"icon-button-arrow\"><\/i><\/a>\n\t\t<\/div> \n\t<\/div>\n\t<\/div> \n<\/div><\/div>\n\t\t\t<\/div> \n\t\t<\/div>\n\t<\/div> \n<\/div><\/div>\n","protected":false},"excerpt":{"rendered":"Como es la boca de tu hijo de 0 a 5 a\u00f1os La normalidad en los ni\u00f1os de 0 a 5 a\u00f1os Felicidades! tu hijo esta creciendo y empiezan a...","protected":false},"author":1,"featured_media":2717,"parent":0,"menu_order":0,"comment_status":"closed","ping_status":"closed","template":"","meta":{"_joinchat":[],"footnotes":""},"class_list":["post-2044","page","type-page","status-publish","has-post-thumbnail"],"_links":{"self":[{"href":"https:\/\/ziving.com\/en\/wp-json\/wp\/v2\/pages\/2044","targetHints":{"allow":["GET"]}}],"collection":[{"href":"https:\/\/ziving.com\/en\/wp-json\/wp\/v2\/pages"}],"about":[{"href":"https:\/\/ziving.com\/en\/wp-json\/wp\/v2\/types\/page"}],"author":[{"embeddable":true,"href":"https:\/\/ziving.com\/en\/wp-json\/wp\/v2\/users\/1"}],"replies":[{"embeddable":true,"href":"https:\/\/ziving.com\/en\/wp-json\/wp\/v2\/comments?post=2044"}],"version-history":[{"count":8,"href":"https:\/\/ziving.com\/en\/wp-json\/wp\/v2\/pages\/2044\/revisions"}],"predecessor-version":[{"id":9595,"href":"https:\/\/ziving.com\/en\/wp-json\/wp\/v2\/pages\/2044\/revisions\/9595"}],"wp:featuredmedia":[{"embeddable":true,"href":"https:\/\/ziving.com\/en\/wp-json\/wp\/v2\/media\/2717"}],"wp:attachment":[{"href":"https:\/\/ziving.com\/en\/wp-json\/wp\/v2\/media?parent=2044"}],"curies":[{"name":"wp","href":"https:\/\/api.w.org\/{rel}","templated":true}]}}